{"id":595,"date":"2019-01-02T10:15:31","date_gmt":"2019-01-02T09:15:31","guid":{"rendered":"https:\/\/www.uman4u.com\/particuliers\/"},"modified":"2019-02-26T18:09:53","modified_gmt":"2019-02-26T17:09:53","slug":"individuals","status":"publish","type":"page","link":"https:\/\/www.uman4u.com\/en\/individuals\/","title":{"rendered":"Individuals"},"content":{"rendered":"<div class=\"wpb-content-wrapper\"><p>[vc_row el_id=&#8221;under&#8221; css=&#8221;.vc_custom_1548419948881{margin-bottom: 30px !important;}&#8221;][vc_column width=&#8221;1\/2&#8243; css=&#8221;.vc_custom_1548413256077{padding-top: 50px !important;padding-bottom: 50px !important;}&#8221;][vc_column_text]<\/p>\n<h2>Professional life coach<\/h2>\n<p>Life in the workplace has never been as complex as it is today. Faced with diversification and the specialisation of trades and professions, as well as the arrival of a new generation of employees in the workplace who have a different outlook on work, companies are gradually changing the way they approach recruitment. These days, it\u2019s more about <strong>different status<\/strong>, for example having active employees within the company who are no longer recruited solely for their skills, but also for their ability to learn new ones.<\/p>\n<p>Naturally this change of paradigm has an effect both on existing employees and also on jobseekers. Today, more than ever, they need to make the <strong>right career choices <\/strong>and become instrumental in their own <strong>career pathway<\/strong>. Working on one\u2019s own skills is essential, but this still complicated because it requires taking a step back and gaining more perspective regarding one\u2019s own situation.[\/vc_column_text][\/vc_column][vc_column width=&#8221;1\/2&#8243; css=&#8221;.vc_custom_1548421195201{margin-top: -30px !important;margin-bottom: 30px !important;padding-top: 25px !important;padding-right: 25px !important;padding-bottom: 25px !important;padding-left: 25px !important;background-color: #00b3eb !important;}&#8221; el_class=&#8221;custom-white&#8221; el_id=&#8221;formulaire&#8221;][vc_column_text css=&#8221;.vc_custom_1551200863069{margin-bottom: 20px !important;}&#8221;]<\/p>\n<h3><span lang=\"EN-GB\">Do you need help in achieving fulfilment in your working life?<\/span><\/h3>\n<p>Please complete the form so that we can arrange for you to discuss your enquiry with one of our experts.[\/vc_column_text]\n<div class=\"wpcf7 no-js\" id=\"wpcf7-f4-o1\" lang=\"fr-FR\" dir=\"ltr\" data-wpcf7-id=\"4\">\n<div class=\"screen-reader-response\"><p role=\"status\" aria-live=\"polite\" aria-atomic=\"true\"><\/p> <ul><\/ul><\/div>\n<form action=\"\/en\/wp-json\/wp\/v2\/pages\/595#wpcf7-f4-o1\" method=\"post\" class=\"wpcf7-form init\" aria-label=\"Formulaire de contact\" novalidate=\"novalidate\" data-status=\"init\">\n<fieldset class=\"hidden-fields-container\"><input type=\"hidden\" name=\"_wpcf7\" value=\"4\" \/><input type=\"hidden\" name=\"_wpcf7_version\" value=\"6.1.4\" \/><input type=\"hidden\" name=\"_wpcf7_locale\" value=\"fr_FR\" \/><input type=\"hidden\" name=\"_wpcf7_unit_tag\" value=\"wpcf7-f4-o1\" \/><input type=\"hidden\" name=\"_wpcf7_container_post\" value=\"0\" \/><input type=\"hidden\" name=\"_wpcf7_posted_data_hash\" value=\"\" \/><input type=\"hidden\" name=\"_wpcf7_recaptcha_response\" value=\"\" \/>\n<\/fieldset>\n<div class=\"wf-container\">\n\t<div class=\"wf-cell wf-1-2\">\n\t\t<p><label>Pr\u00e9nom *<\/label><br \/>\n<span class=\"wpcf7-form-control-wrap\" data-name=\"prenom\"><input size=\"40\" maxlength=\"400\" class=\"wpcf7-form-control wpcf7-text wpcf7-validates-as-required\" aria-required=\"true\" aria-invalid=\"false\" value=\"\" type=\"text\" name=\"prenom\" \/><\/span>\n\t\t<\/p>\n\t<\/div>\n\t<div class=\"wf-cell wf-1-2\">\n\t\t<p><label>Nom *<\/label><br \/>\n<span class=\"wpcf7-form-control-wrap\" data-name=\"nom\"><input size=\"40\" maxlength=\"400\" class=\"wpcf7-form-control wpcf7-text wpcf7-validates-as-required\" aria-required=\"true\" aria-invalid=\"false\" value=\"\" type=\"text\" name=\"nom\" \/><\/span>\n\t\t<\/p>\n\t<\/div>\n\t<div class=\"wf-cell wf-1-2\">\n\t\t<p><label>Adresse email *<\/label><br \/>\n<span class=\"wpcf7-form-control-wrap\" data-name=\"email\"><input size=\"40\" maxlength=\"400\" class=\"wpcf7-form-control wpcf7-email wpcf7-validates-as-required wpcf7-text wpcf7-validates-as-email\" aria-required=\"true\" aria-invalid=\"false\" value=\"\" type=\"email\" name=\"email\" \/><\/span>\n\t\t<\/p>\n\t<\/div>\n\t<div class=\"wf-cell wf-1-2\">\n\t\t<p><label>T\u00e9l\u00e9phone\/GSM<\/label><br \/>\n<span class=\"wpcf7-form-control-wrap\" data-name=\"telephone\"><input size=\"40\" maxlength=\"400\" class=\"wpcf7-form-control wpcf7-tel wpcf7-text wpcf7-validates-as-tel\" aria-invalid=\"false\" value=\"\" type=\"tel\" name=\"telephone\" \/><\/span>\n\t\t<\/p>\n\t<\/div>\n<\/div>\n<p><label>D\u00e9crivez votre demande *<\/label><br \/>\n<span class=\"wpcf7-form-control-wrap\" data-name=\"message\"><textarea cols=\"1\" rows=\"3\" maxlength=\"2000\" class=\"wpcf7-form-control wpcf7-textarea wpcf7-validates-as-required\" aria-required=\"true\" aria-invalid=\"false\" name=\"message\"><\/textarea><\/span>\n<\/p>\n<p style=\"font-size: 13px; line-height: 20px;\">En envoyant ce formulaire, vous acceptez que Uman4U m\u00e9morise et utilise les informations collect\u00e9es afin de traiter votre demande. Si vous voulez en savoir plus sur notre politique de confidentialit\u00e9, vous la trouverez <a href=\"https:\/\/www.uman4u.com\/politique-de-confidentialite\/\" target=\"_blank\">ici<\/a>\n<\/p>\n<p style=\"font-size: 13px; line-height: 20px;\"><span class=\"wpcf7-form-control-wrap\" data-name=\"privacy\"><span class=\"wpcf7-form-control wpcf7-acceptance\"><span class=\"wpcf7-list-item\"><label><input type=\"checkbox\" name=\"privacy\" value=\"1\" aria-invalid=\"false\" \/><span class=\"wpcf7-list-item-label\">Oui, je donne mon consentement<\/span><\/label><\/span><\/span><\/span>\n<\/p>\n<p><input class=\"wpcf7-form-control wpcf7-submit has-spinner\" type=\"submit\" value=\"Envoyer\" \/>\n<\/p><div class=\"wpcf7-response-output\" aria-hidden=\"true\"><\/div>\n<\/form>\n<\/div>\n[\/vc_column][\/vc_row][vc_row content_placement=&#8221;middle&#8221; css=&#8221;.vc_custom_1548419963537{margin-bottom: 30px !important;}&#8221;][vc_column width=&#8221;1\/2&#8243;][vc_single_image image=&#8221;525&#8243; img_size=&#8221;500 x 500&#8243; alignment=&#8221;center&#8221; css=&#8221;.vc_custom_1550075866643{margin-right: 10px !important;margin-bottom: 20px !important;margin-left: 10px !important;}&#8221;][\/vc_column][vc_column width=&#8221;1\/2&#8243;][vc_column_text]To improve your working life or to make it move forward, Uman4U is able to offer you the <strong>expertise of a coach for private individuals<\/strong>. The aim of that person is to help you develop more in your working life so that working can be enjoyable once again on a day-to-day basis.[\/vc_column_text]<style type=\"text\/css\" data-type=\"the7_shortcodes-inline-css\">#default-btn-61c5fc82b25432d8bd883d0ef0c48994.ico-right-side > i {\n  margin-right: 0px;\n  margin-left: 8px;\n}\n#default-btn-61c5fc82b25432d8bd883d0ef0c48994 > i {\n  margin-right: 8px;\n}<\/style><div class=\"btn-align-right\"><a href=\"#!\/formulaire\" class=\"default-btn-shortcode dt-btn dt-btn-m link-hover-off anchor-link \" id=\"default-btn-61c5fc82b25432d8bd883d0ef0c48994\" title=\"Formulaire de contact\"><span>Call on our experts<\/span><\/a><\/div>[\/vc_column][\/vc_row][vc_row content_placement=&#8221;middle&#8221; bg_type=&#8221;grad&#8221; bg_override=&#8221;ex-full&#8221; seperator_enable=&#8221;seperator_enable_value&#8221; icon_type=&#8221;custom&#8221; icon_img=&#8221;id^127|url^https:\/\/www.uman4u.com\/wp-content\/uploads\/2019\/01\/uman-1.png|caption^null|alt^null|title^uman-1|description^null&#8221; img_width=&#8221;180&#8243; bg_grad=&#8221;background: -webkit-gradient(linear, left top, left bottom, color-stop(0%, #7B77B6), color-stop(100%, #404697));background: -moz-linear-gradient(135deg,#7B77B6 0%,#404697 100%);background: -webkit-linear-gradient(135deg,#7B77B6 0%,#404697 100%);background: -o-linear-gradient(135deg,#7B77B6 0%,#404697 100%);background: -ms-linear-gradient(135deg,#7B77B6 0%,#404697 100%);background: linear-gradient(135deg,#7B77B6 0%,#404697 100%);&#8221; css=&#8221;.vc_custom_1548420611025{padding-top: 20px !important;padding-bottom: 50px !important;}&#8221; el_class=&#8221;custom-sep-l&#8221;][vc_column][vc_column_text css=&#8221;.vc_custom_1551200890046{margin-bottom: 20px !important;}&#8221; el_class=&#8221;custom-white&#8221;]<\/p>\n<h2><span lang=\"EN-GB\">Our skills areas in career management coaching <\/span><\/h2>\n<p>[\/vc_column_text][vc_row_inner][vc_column_inner width=&#8221;1\/3&#8243;][vc_column_text css=&#8221;.vc_custom_1551200895132{margin-bottom: 20px !important;}&#8221; el_class=&#8221;custom-white&#8221;]<\/p>\n<h3>Career assessment<\/h3>\n<p>Before thinking about the future, it is sometimes important to take the time and dwell on the present as you analyse the stages taken along the way. <strong>Career assessment <\/strong>provides the ideal way of putting into perspective everything you have learnt in your career pathway and then deciding on the path you want to take next.[\/vc_column_text][\/vc_column_inner][vc_column_inner width=&#8221;1\/3&#8243;][vc_column_text css=&#8221;.vc_custom_1551200901286{margin-bottom: 20px !important;}&#8221; el_class=&#8221;custom-white&#8221;]<\/p>\n<h3>Career direction and redirection<\/h3>\n<p>Whether it\u2019s for your <strong>first job <\/strong>or <strong>redirecting your career after you have been working for some time<\/strong>, it is important for you to find the type of job that suits you \u2013 one that enables you to use your talents, achieve fulfilment and, above all, grow professionally.[\/vc_column_text][\/vc_column_inner][vc_column_inner width=&#8221;1\/3&#8243;][vc_column_text css=&#8221;.vc_custom_1551200906539{margin-bottom: 20px !important;}&#8221; el_class=&#8221;custom-white&#8221;]<\/p>\n<h3>Coaching and professional development<\/h3>\n<p>To stay competitive on the jobs market, it is vital for you to get to know yourself better and to understand where your strengths lie, as well as the challenges likely to face you in the future. This will enable you to <strong>develop more easily<\/strong> <strong>within your chosen career<\/strong>.[\/vc_column_text][\/vc_column_inner][\/vc_row_inner][\/vc_column][vc_column width=&#8221;1\/2&#8243;][vc_column_text el_class=&#8221;custom-white&#8221;]<\/p>\n<h3>Coaching for the self-employed<\/h3>\n<p>It\u2019s not always straightforward simply to launch yourself into a new business or activity. Uman4U will guide you throughout the whole <strong>development of your business project <\/strong>and help you make the right choices.[\/vc_column_text][vc_column_text el_class=&#8221;custom-white&#8221;]<\/p>\n<h3>And many others, too\u2026<\/h3>\n<p><strong>Managing the end of your career, returning to work after a lengthy absence, preparing for the recruitment process and interviews, help with change, etc.<\/strong> We can make all of our considerable expertise available to you to deal with all the issues surrounding the management of your career.[\/vc_column_text]<style type=\"text\/css\" data-type=\"the7_shortcodes-inline-css\">#default-btn-61c5fc82b25432d8bd883d0ef0c48994.ico-right-side > i {\n  margin-right: 0px;\n  margin-left: 8px;\n}\n#default-btn-61c5fc82b25432d8bd883d0ef0c48994 > i {\n  margin-right: 8px;\n}<\/style><div class=\"btn-align-right\"><a href=\"#!\/formulaire\" class=\"default-btn-shortcode dt-btn dt-btn-m link-hover-off anchor-link \" id=\"default-btn-61c5fc82b25432d8bd883d0ef0c48994\" title=\"Formulaire de contact\"><span>Call on our experts<\/span><\/a><\/div>[\/vc_column][vc_column width=&#8221;1\/2&#8243;][vc_single_image image=&#8221;598&#8243; img_size=&#8221;500 x 500&#8243; alignment=&#8221;center&#8221; css=&#8221;.vc_custom_1550133042804{margin-right: 10px !important;margin-bottom: 0px !important;margin-left: 10px !important;}&#8221;][\/vc_column][\/vc_row]<\/p>\n<\/div>","protected":false},"excerpt":{"rendered":"<p>[vc_row el_id=&#8221;under&#8221; css=&#8221;.vc_custom_1548419948881{margin-bottom: 30px !important;}&#8221;][vc_column width=&#8221;1\/2&#8243; css=&#8221;.vc_custom_1548413256077{padding-top: 50px !important;padding-bottom: 50px !important;}&#8221;][vc_column_text] Professional life coach Life in the workplace has never been as complex as it is today. Faced with diversification and the specialisation of trades and professions, as well as the arrival of a new generation of employees in the workplace who have a different&hellip;<\/p>\n","protected":false},"author":2,"featured_media":0,"parent":0,"menu_order":5,"comment_status":"closed","ping_status":"closed","template":"","meta":{"jetpack_post_was_ever_published":false,"footnotes":""},"class_list":["post-595","page","type-page","status-publish","hentry","description-off"],"yoast_head":"<!-- This site is optimized with the Yoast SEO plugin v26.8 - https:\/\/yoast.com\/product\/yoast-seo-wordpress\/ -->\n<title>Career and professional life coaching for individuals | Uman4U<\/title>\n<meta name=\"description\" content=\"Uman4U offers the services of a coach in career management. We carry out career assessments, coaching in professional development, etc.\" \/>\n<meta name=\"robots\" content=\"index, follow, max-snippet:-1, max-image-preview:large, max-video-preview:-1\" \/>\n<link rel=\"canonical\" href=\"https:\/\/www.uman4u.com\/en\/individuals\/\" \/>\n<meta property=\"og:locale\" content=\"en_US\" \/>\n<meta property=\"og:type\" content=\"article\" \/>\n<meta property=\"og:title\" content=\"Coaching de carri\u00e8re et vie professionnelle pour particuliers | Uman4U\" \/>\n<meta property=\"og:description\" content=\"Uman4U vous propose les services d&#039;un coach en gestion de carri\u00e8re. Nous r\u00e9alisons des bilans de carri\u00e8re, coachings en d\u00e9veloppement professionnel, etc.\" \/>\n<meta property=\"og:url\" content=\"https:\/\/www.uman4u.com\/en\/individuals\/\" \/>\n<meta property=\"og:site_name\" content=\"Uman4U\" \/>\n<meta property=\"article:modified_time\" content=\"2019-02-26T17:09:53+00:00\" \/>\n<meta name=\"twitter:card\" content=\"summary_large_image\" \/>\n<meta name=\"twitter:label1\" content=\"Est. reading time\" \/>\n\t<meta name=\"twitter:data1\" content=\"5 minutes\" \/>\n<script type=\"application\/ld+json\" class=\"yoast-schema-graph\">{\"@context\":\"https:\/\/schema.org\",\"@graph\":[{\"@type\":\"WebPage\",\"@id\":\"https:\/\/www.uman4u.com\/en\/individuals\/\",\"url\":\"https:\/\/www.uman4u.com\/en\/individuals\/\",\"name\":\"Career and professional life coaching for individuals | Uman4U\",\"isPartOf\":{\"@id\":\"https:\/\/www.uman4u.com\/#website\"},\"datePublished\":\"2019-01-02T09:15:31+00:00\",\"dateModified\":\"2019-02-26T17:09:53+00:00\",\"description\":\"Uman4U offers the services of a coach in career management. We carry out career assessments, coaching in professional development, etc.\",\"breadcrumb\":{\"@id\":\"https:\/\/www.uman4u.com\/en\/individuals\/#breadcrumb\"},\"inLanguage\":\"en-US\",\"potentialAction\":[{\"@type\":\"ReadAction\",\"target\":[\"https:\/\/www.uman4u.com\/en\/individuals\/\"]}]},{\"@type\":\"BreadcrumbList\",\"@id\":\"https:\/\/www.uman4u.com\/en\/individuals\/#breadcrumb\",\"itemListElement\":[{\"@type\":\"ListItem\",\"position\":1,\"name\":\"Home\",\"item\":\"https:\/\/www.uman4u.com\/en\/\"},{\"@type\":\"ListItem\",\"position\":2,\"name\":\"Individuals\"}]},{\"@type\":\"WebSite\",\"@id\":\"https:\/\/www.uman4u.com\/#website\",\"url\":\"https:\/\/www.uman4u.com\/\",\"name\":\"Uman4U\",\"description\":\"\",\"potentialAction\":[{\"@type\":\"SearchAction\",\"target\":{\"@type\":\"EntryPoint\",\"urlTemplate\":\"https:\/\/www.uman4u.com\/?s={search_term_string}\"},\"query-input\":{\"@type\":\"PropertyValueSpecification\",\"valueRequired\":true,\"valueName\":\"search_term_string\"}}],\"inLanguage\":\"en-US\"}]}<\/script>\n<!-- \/ Yoast SEO plugin. -->","yoast_head_json":{"title":"Career and professional life coaching for individuals | Uman4U","description":"Uman4U offers the services of a coach in career management. We carry out career assessments, coaching in professional development, etc.","robots":{"index":"index","follow":"follow","max-snippet":"max-snippet:-1","max-image-preview":"max-image-preview:large","max-video-preview":"max-video-preview:-1"},"canonical":"https:\/\/www.uman4u.com\/en\/individuals\/","og_locale":"en_US","og_type":"article","og_title":"Coaching de carri\u00e8re et vie professionnelle pour particuliers | Uman4U","og_description":"Uman4U vous propose les services d'un coach en gestion de carri\u00e8re. Nous r\u00e9alisons des bilans de carri\u00e8re, coachings en d\u00e9veloppement professionnel, etc.","og_url":"https:\/\/www.uman4u.com\/en\/individuals\/","og_site_name":"Uman4U","article_modified_time":"2019-02-26T17:09:53+00:00","twitter_card":"summary_large_image","twitter_misc":{"Est. reading time":"5 minutes"},"schema":{"@context":"https:\/\/schema.org","@graph":[{"@type":"WebPage","@id":"https:\/\/www.uman4u.com\/en\/individuals\/","url":"https:\/\/www.uman4u.com\/en\/individuals\/","name":"Career and professional life coaching for individuals | Uman4U","isPartOf":{"@id":"https:\/\/www.uman4u.com\/#website"},"datePublished":"2019-01-02T09:15:31+00:00","dateModified":"2019-02-26T17:09:53+00:00","description":"Uman4U offers the services of a coach in career management. We carry out career assessments, coaching in professional development, etc.","breadcrumb":{"@id":"https:\/\/www.uman4u.com\/en\/individuals\/#breadcrumb"},"inLanguage":"en-US","potentialAction":[{"@type":"ReadAction","target":["https:\/\/www.uman4u.com\/en\/individuals\/"]}]},{"@type":"BreadcrumbList","@id":"https:\/\/www.uman4u.com\/en\/individuals\/#breadcrumb","itemListElement":[{"@type":"ListItem","position":1,"name":"Home","item":"https:\/\/www.uman4u.com\/en\/"},{"@type":"ListItem","position":2,"name":"Individuals"}]},{"@type":"WebSite","@id":"https:\/\/www.uman4u.com\/#website","url":"https:\/\/www.uman4u.com\/","name":"Uman4U","description":"","potentialAction":[{"@type":"SearchAction","target":{"@type":"EntryPoint","urlTemplate":"https:\/\/www.uman4u.com\/?s={search_term_string}"},"query-input":{"@type":"PropertyValueSpecification","valueRequired":true,"valueName":"search_term_string"}}],"inLanguage":"en-US"}]}},"jetpack_sharing_enabled":true,"jetpack_shortlink":"https:\/\/wp.me\/PaUbH6-9B","_links":{"self":[{"href":"https:\/\/www.uman4u.com\/en\/wp-json\/wp\/v2\/pages\/595","targetHints":{"allow":["GET"]}}],"collection":[{"href":"https:\/\/www.uman4u.com\/en\/wp-json\/wp\/v2\/pages"}],"about":[{"href":"https:\/\/www.uman4u.com\/en\/wp-json\/wp\/v2\/types\/page"}],"author":[{"embeddable":true,"href":"https:\/\/www.uman4u.com\/en\/wp-json\/wp\/v2\/users\/2"}],"replies":[{"embeddable":true,"href":"https:\/\/www.uman4u.com\/en\/wp-json\/wp\/v2\/comments?post=595"}],"version-history":[{"count":0,"href":"https:\/\/www.uman4u.com\/en\/wp-json\/wp\/v2\/pages\/595\/revisions"}],"wp:attachment":[{"href":"https:\/\/www.uman4u.com\/en\/wp-json\/wp\/v2\/media?parent=595"}],"curies":[{"name":"wp","href":"https:\/\/api.w.org\/{rel}","templated":true}]}}