{"id":588,"date":"2019-01-02T10:19:35","date_gmt":"2019-01-02T09:19:35","guid":{"rendered":"https:\/\/www.uman4u.com\/company\/formations\/"},"modified":"2020-03-20T13:40:48","modified_gmt":"2020-03-20T12:40:48","slug":"training-courses","status":"publish","type":"page","link":"https:\/\/www.uman4u.com\/en\/company\/training-courses\/","title":{"rendered":"Training courses"},"content":{"rendered":"<div class=\"wpb-content-wrapper\"><p>[vc_row el_id=&#8221;under&#8221;][vc_column width=&#8221;1\/2&#8243; css=&#8221;.vc_custom_1548413256077{padding-top: 50px !important;padding-bottom: 50px !important;}&#8221;][vc_column_text]<\/p>\n<h2>Aims of the course<\/h2>\n<ul>\n<li>Learn to recognise your <strong>preferred way of communicating <\/strong>and that of your staff<\/li>\n<li>Learn to <strong>communicate positively<\/strong><\/li>\n<li><strong>Identify the hidden or expressed needs <\/strong>of the person you are talking to and respond accordingly<\/li>\n<li><strong>Anticipate and prevent situations of conflict <\/strong>within the team<\/li>\n<li><strong>Reinforce the motivation of your staff <\/strong><\/li>\n<li><strong>Manage stress<\/strong>by knowing people\u2019s needs<\/li>\n<li><strong>Discover the way of remaining OK\/OK in your communication<\/strong>and apply the golden rule of \u201cChannel &amp; Perception of the BASE + psychological need of PHASE\u201d<\/li>\n<\/ul>\n<p>[\/vc_column_text][\/vc_column][vc_column width=&#8221;1\/2&#8243; css=&#8221;.vc_custom_1548426883510{margin-top: -30px !important;margin-bottom: 30px !important;padding-top: 25px !important;padding-right: 25px !important;padding-bottom: 25px !important;padding-left: 25px !important;background-color: #7270b1 !important;}&#8221; el_class=&#8221;custom-white&#8221; el_id=&#8221;formulaire&#8221;][vc_column_text css=&#8221;.vc_custom_1551200606668{margin-bottom: 20px !important;}&#8221;]<\/p>\n<h3>Would you like to receive more information about our training courses?<\/h3>\n<p>Please complete the form so that we can arrange for you to discuss your enquiry with one of our experts.[\/vc_column_text]\n<div class=\"wpcf7 no-js\" id=\"wpcf7-f514-o1\" lang=\"fr-FR\" dir=\"ltr\" data-wpcf7-id=\"514\">\n<div class=\"screen-reader-response\"><p role=\"status\" aria-live=\"polite\" aria-atomic=\"true\"><\/p> <ul><\/ul><\/div>\n<form action=\"\/en\/wp-json\/wp\/v2\/pages\/588#wpcf7-f514-o1\" method=\"post\" class=\"wpcf7-form init\" aria-label=\"Formulaire de contact\" novalidate=\"novalidate\" data-status=\"init\">\n<fieldset class=\"hidden-fields-container\"><input type=\"hidden\" name=\"_wpcf7\" value=\"514\" \/><input type=\"hidden\" name=\"_wpcf7_version\" value=\"6.1.4\" \/><input type=\"hidden\" name=\"_wpcf7_locale\" value=\"fr_FR\" \/><input type=\"hidden\" name=\"_wpcf7_unit_tag\" value=\"wpcf7-f514-o1\" \/><input type=\"hidden\" name=\"_wpcf7_container_post\" value=\"0\" \/><input type=\"hidden\" name=\"_wpcf7_posted_data_hash\" value=\"\" \/><input type=\"hidden\" name=\"_wpcf7_recaptcha_response\" value=\"\" \/>\n<\/fieldset>\n<div class=\"wf-container\">\n\t<div class=\"wf-cell wf-1-2\">\n\t\t<p><label>First name *<\/label><br \/>\n<span class=\"wpcf7-form-control-wrap\" data-name=\"prenom\"><input size=\"40\" maxlength=\"400\" class=\"wpcf7-form-control wpcf7-text wpcf7-validates-as-required\" aria-required=\"true\" aria-invalid=\"false\" value=\"\" type=\"text\" name=\"prenom\" \/><\/span>\n\t\t<\/p>\n\t<\/div>\n\t<div class=\"wf-cell wf-1-2\">\n\t\t<p><label>Last name *<\/label><br \/>\n<span class=\"wpcf7-form-control-wrap\" data-name=\"nom\"><input size=\"40\" maxlength=\"400\" class=\"wpcf7-form-control wpcf7-text wpcf7-validates-as-required\" aria-required=\"true\" aria-invalid=\"false\" value=\"\" type=\"text\" name=\"nom\" \/><\/span>\n\t\t<\/p>\n\t<\/div>\n\t<div class=\"wf-cell wf-1-2\">\n\t\t<p><label>E-mail address *<\/label><br \/>\n<span class=\"wpcf7-form-control-wrap\" data-name=\"email\"><input size=\"40\" maxlength=\"400\" class=\"wpcf7-form-control wpcf7-email wpcf7-validates-as-required wpcf7-text wpcf7-validates-as-email\" aria-required=\"true\" aria-invalid=\"false\" value=\"\" type=\"email\" name=\"email\" \/><\/span>\n\t\t<\/p>\n\t<\/div>\n\t<div class=\"wf-cell wf-1-2\">\n\t\t<p><label>Telephone\/mobile<\/label><br \/>\n<span class=\"wpcf7-form-control-wrap\" data-name=\"telephone\"><input size=\"40\" maxlength=\"400\" class=\"wpcf7-form-control wpcf7-tel wpcf7-text wpcf7-validates-as-tel\" aria-invalid=\"false\" value=\"\" type=\"tel\" name=\"telephone\" \/><\/span>\n\t\t<\/p>\n\t<\/div>\n<\/div>\n<p><label>Give details of your enquiry *<\/label><br \/>\n<span class=\"wpcf7-form-control-wrap\" data-name=\"message\"><textarea cols=\"1\" rows=\"3\" maxlength=\"2000\" class=\"wpcf7-form-control wpcf7-textarea wpcf7-validates-as-required\" aria-required=\"true\" aria-invalid=\"false\" name=\"message\"><\/textarea><\/span>\n<\/p>\n<p style=\"font-size: 13px; line-height: 20px;\">By returning this form to us, you agree to Uman4U recording and using the information gathered to deal with you enquiry. If you would like to find out more about our privacy policy, click <a href=\"https:\/\/www.uman4u.com\/en\/privacy-policy\/\" target=\"_blank\">here<\/a>\n<\/p>\n<p style=\"font-size: 13px; line-height: 20px;\"><span class=\"wpcf7-form-control-wrap\" data-name=\"privacy\"><span class=\"wpcf7-form-control wpcf7-acceptance\"><span class=\"wpcf7-list-item\"><label><input type=\"checkbox\" name=\"privacy\" value=\"1\" aria-invalid=\"false\" \/><span class=\"wpcf7-list-item-label\">Yes, I give my consent<\/span><\/label><\/span><\/span><\/span>\n<\/p>\n<p><input class=\"wpcf7-form-control wpcf7-submit has-spinner\" type=\"submit\" value=\"Send\" \/>\n<\/p><div class=\"wpcf7-response-output\" aria-hidden=\"true\"><\/div>\n<\/form>\n<\/div>\n[\/vc_column][\/vc_row][vc_row content_placement=&#8221;middle&#8221; bg_type=&#8221;grad&#8221; bg_override=&#8221;ex-full&#8221; seperator_enable=&#8221;seperator_enable_value&#8221; icon_type=&#8221;custom&#8221; icon_img=&#8221;id^127|url^https:\/\/www.uman4u.com\/wp-content\/uploads\/2019\/01\/uman-1.png|caption^null|alt^null|title^uman-1|description^null&#8221; img_width=&#8221;180&#8243; bg_grad=&#8221;background: -webkit-gradient(linear, left top, left bottom, color-stop(0%, #00B6ED), color-stop(100%, #009DE0));background: -moz-linear-gradient(135deg,#00B6ED 0%,#009DE0 100%);background: -webkit-linear-gradient(135deg,#00B6ED 0%,#009DE0 100%);background: -o-linear-gradient(135deg,#00B6ED 0%,#009DE0 100%);background: -ms-linear-gradient(135deg,#00B6ED 0%,#009DE0 100%);background: linear-gradient(135deg,#00B6ED 0%,#009DE0 100%);&#8221; css=&#8221;.vc_custom_1548414283161{padding-top: 20px !important;padding-bottom: 50px !important;}&#8221; el_class=&#8221;custom-sep-l&#8221;][vc_column][vc_column_text el_class=&#8221;custom-white&#8221; css=&#8221;.vc_custom_1551200620077{margin-bottom: 0px !important;}&#8221;]<\/p>\n<h2><span lang=\"EN-GB\">General information: length, audience, prerequisites<\/span><\/h2>\n<p>[\/vc_column_text][\/vc_column][vc_column width=&#8221;1\/2&#8243;][vc_column_text el_class=&#8221;custom-white&#8221; css=&#8221;.vc_custom_1551200626105{margin-bottom: 20px !important;}&#8221;]Our training course last for 2 to 3 days and are aimed at anyone wishing to improve their <strong>personal and\/or professional quality of life<\/strong>. In other words, they are for people wanting to <strong>understand and anticipate their own behaviour<\/strong>, anyone wishing to <strong>improve their leadership in managing a team<\/strong>, someone wanting to <strong>adjust the way they communicate <\/strong>in order to <strong>develop their assertiveness <\/strong>or for people hoping to understand what generates stress and to work on it preventatively.[\/vc_column_text][\/vc_column][vc_column width=&#8221;1\/2&#8243;][vc_column_text el_class=&#8221;custom-white&#8221; css=&#8221;.vc_custom_1551200631575{margin-bottom: 20px !important;}&#8221;]<strong>What are the prerequisites for attending our courses?<\/strong>\u00a0None, apart from completing the \u201cPCM\u201d personality inventory questionnaire, which will be sent to you in advance so that you can respond to it at your ease before the course.[\/vc_column_text]<style type=\"text\/css\" data-type=\"the7_shortcodes-inline-css\">#default-btn-2da5272dc77ee1d69eb094797cfce592 {\n  border-radius: 50px;\n  font-size: 15px;\n  line-height: 17px;\n}\n.btn-shadow#default-btn-2da5272dc77ee1d69eb094797cfce592 {\n  box-shadow: 0 1px 6px rgba(0,0,0,0.12);\n  transition: box-shadow 0.2s ease-out, opacity 0.45s;\n}\n.btn-shadow#default-btn-2da5272dc77ee1d69eb094797cfce592:hover {\n  box-shadow: 0 5px 11px 0 rgba(0,0,0,0.18), 0 4px 15px 0 rgba(0,0,0,0.15);\n}\n.btn-3d#default-btn-2da5272dc77ee1d69eb094797cfce592 {\n  box-shadow: 0px 2px 0px 0px #3d3f5d;\n}\n.btn-flat#default-btn-2da5272dc77ee1d69eb094797cfce592 {\n  box-shadow: none;\n}\n.btn-flat#default-btn-2da5272dc77ee1d69eb094797cfce592:hover {\n  box-shadow: none;\n}\n#default-btn-2da5272dc77ee1d69eb094797cfce592.ico-right-side > i {\n  margin-right: 0px;\n  margin-left: 8px;\n}\n#default-btn-2da5272dc77ee1d69eb094797cfce592 > i {\n  margin-right: 8px;\n  font-size: 15px;\n}\n#default-btn-2da5272dc77ee1d69eb094797cfce592:not(:hover) {\n  border-width: 0px;\n  background: #404697 !important;\n  padding: 12px 18px 12px 18px;\n}\n#default-btn-2da5272dc77ee1d69eb094797cfce592:hover {\n  border-width: 0px;\n  padding: 12px 18px 12px 18px;\n}\n#default-btn-2da5272dc77ee1d69eb094797cfce592.ico-right-side > i {\n  margin-right: 0px;\n  margin-left: 8px;\n}\n#default-btn-2da5272dc77ee1d69eb094797cfce592 > i {\n  margin-right: 8px;\n}<\/style><div class=\"btn-align-right\"><a href=\"#!\/formulaire\" class=\"default-btn-shortcode dt-btn link-hover-off anchor-link btn-flat \" id=\"default-btn-2da5272dc77ee1d69eb094797cfce592\" title=\"Formulaire de contact\"><span>Call on our experts<\/span><\/a><\/div>[\/vc_column][\/vc_row][vc_row content_placement=&#8221;middle&#8221; css=&#8221;.vc_custom_1548427260286{margin-bottom: 30px !important;}&#8221;][vc_column width=&#8221;1\/2&#8243;][vc_column_text]<\/p>\n<h2>The programme for our course<\/h2>\n<ul>\n<li>Introduction<\/li>\n<li>Presentation of the 6 Process Communication personalities<\/li>\n<\/ul>\n<ul>\n<li style=\"list-style-type: none;\">\n<ul>\n<li>The 6 types of personality: characteristics, strengths, interests, etc.<\/li>\n<li>Perceptions: the 6 different ways of seeing the world<\/li>\n<li>The personality building<\/li>\n<\/ul>\n<\/li>\n<\/ul>\n<ul>\n<li>Management styles<\/li>\n<li>The 5 parts of the Personality of an Effective Manager<\/li>\n<li>The 5 communication channels<\/li>\n<\/ul>\n<p>[\/vc_column_text][\/vc_column][vc_column width=&#8221;1\/2&#8243;][vc_single_image image=&#8221;526&#8243; img_size=&#8221;500 x 500&#8243; alignment=&#8221;center&#8221; css=&#8221;.vc_custom_1550075837550{margin-right: 10px !important;margin-bottom: 20px !important;margin-left: 10px !important;}&#8221;][\/vc_column][\/vc_row][vc_row content_placement=&#8221;middle&#8221;][vc_column width=&#8221;1\/2&#8243;][vc_single_image image=&#8221;527&#8243; img_size=&#8221;500 x 500&#8243; alignment=&#8221;center&#8221; css=&#8221;.vc_custom_1550075829479{margin-right: 10px !important;margin-bottom: 20px !important;margin-left: 10px !important;}&#8221;][\/vc_column][vc_column width=&#8221;1\/2&#8243;][vc_column_text]<\/p>\n<ul>\n<li>Understanding why individuals may change their behaviour<\/li>\n<li>Discovering drivers<\/li>\n<li>Preferred environments<\/li>\n<li>Psychological needs<\/li>\n<li>Stress\n<ul>\n<li>Definition<\/li>\n<li>Position of life<\/li>\n<li>The sequences of stress<\/li>\n<\/ul>\n<\/li>\n<\/ul>\n<ul>\n<li>The degrees of mismanagement<\/li>\n<\/ul>\n<p>[\/vc_column_text]<style type=\"text\/css\" data-type=\"the7_shortcodes-inline-css\">#default-btn-61c5fc82b25432d8bd883d0ef0c48994.ico-right-side > i {\n  margin-right: 0px;\n  margin-left: 8px;\n}\n#default-btn-61c5fc82b25432d8bd883d0ef0c48994 > i {\n  margin-right: 8px;\n}<\/style><div class=\"btn-align-right\"><a href=\"#!\/formulaire\" class=\"default-btn-shortcode dt-btn dt-btn-m link-hover-off anchor-link \" id=\"default-btn-61c5fc82b25432d8bd883d0ef0c48994\" title=\"Formulaire de contact\"><span>Call on our experts<\/span><\/a><\/div>[\/vc_column][\/vc_row][vc_row bg_type=&#8221;grad&#8221; bg_override=&#8221;ex-full&#8221; seperator_enable=&#8221;seperator_enable_value&#8221; icon_type=&#8221;custom&#8221; icon_img=&#8221;id^136|url^https:\/\/www.uman4u.com\/wp-content\/uploads\/2019\/01\/uman-2.png|caption^null|alt^null|title^uman-2|description^null&#8221; img_width=&#8221;40&#8243; bg_grad=&#8221;background: -webkit-gradient(linear, left top, left bottom, color-stop(0%, #7B77B6), color-stop(100%, #404697));background: -moz-linear-gradient(135deg,#7B77B6 0%,#404697 100%);background: -webkit-linear-gradient(135deg,#7B77B6 0%,#404697 100%);background: -o-linear-gradient(135deg,#7B77B6 0%,#404697 100%);background: -ms-linear-gradient(135deg,#7B77B6 0%,#404697 100%);background: linear-gradient(135deg,#7B77B6 0%,#404697 100%);&#8221; css=&#8221;.vc_custom_1546503414017{margin-top: 100px !important;padding-top: 40px !important;padding-bottom: 50px !important;}&#8221;][vc_column][vc_column_text el_class=&#8221;custom-white&#8221; css=&#8221;.vc_custom_1551200678298{margin-bottom: 0px !important;}&#8221;]<\/p>\n<h2>Our approach and methodology<\/h2>\n<p>[\/vc_column_text][\/vc_column][vc_column width=&#8221;1\/2&#8243;][vc_column_text el_class=&#8221;custom-white&#8221;]We begin by introducing the participants and examining their expectations, enabling each one to answer questions about his or her personal experience. We then conduct various communication exercises so that every can reveal their own particular perception of the world and understand how using the right communication channel has an effect on the message. We also do exercises on ways of managing stress and finding ways of overcoming it.[\/vc_column_text][\/vc_column][vc_column width=&#8221;1\/2&#8243;][vc_column_text el_class=&#8221;custom-white&#8221;]Throughout the training we use videos and slides, etc. so that you have no problem in keeping up with the topics. We also gear the form of communication we use (process) to the way you view things. Finally, we put an action plan in place to help participants respond positively to their psychological needs.<\/p>\n<p><strong>General note:<\/strong>\u00a0this interactive training combines theory, practical exercises, sharing actual experiences and illustrations.[\/vc_column_text][\/vc_column][vc_column]<style type=\"text\/css\" data-type=\"the7_shortcodes-inline-css\">#default-btn-61c5fc82b25432d8bd883d0ef0c48994.ico-right-side > i {\n  margin-right: 0px;\n  margin-left: 8px;\n}\n#default-btn-61c5fc82b25432d8bd883d0ef0c48994 > i {\n  margin-right: 8px;\n}<\/style><div class=\"btn-align-right\"><a href=\"#!\/formulaire\" class=\"default-btn-shortcode dt-btn dt-btn-m link-hover-off anchor-link \" id=\"default-btn-61c5fc82b25432d8bd883d0ef0c48994\" title=\"Formulaire de contact\"><span>Call on our experts<\/span><\/a><\/div>[\/vc_column][\/vc_row]<\/p>\n<\/div>","protected":false},"excerpt":{"rendered":"<p>[vc_row el_id=&#8221;under&#8221;][vc_column width=&#8221;1\/2&#8243; css=&#8221;.vc_custom_1548413256077{padding-top: 50px !important;padding-bottom: 50px !important;}&#8221;][vc_column_text] Aims of the course Learn to recognise your preferred way of communicating and that of your staff Learn to communicate positively Identify the hidden or expressed needs of the person you are talking to and respond accordingly Anticipate and prevent situations of conflict within the team Reinforce&hellip;<\/p>\n","protected":false},"author":3,"featured_media":0,"parent":547,"menu_order":3,"comment_status":"closed","ping_status":"closed","template":"","meta":{"jetpack_post_was_ever_published":false,"footnotes":""},"class_list":["post-588","page","type-page","status-publish","hentry","description-off"],"yoast_head":"<!-- This site is optimized with the Yoast SEO plugin v26.8 - https:\/\/yoast.com\/product\/yoast-seo-wordpress\/ -->\n<title>RH training courses for companies in Belgium | Cabinet Uman4U<\/title>\n<meta name=\"description\" content=\"HR training to learn how to adapt your communication according to the employee thanks to the Process Communication model.\" \/>\n<meta name=\"robots\" content=\"index, follow, max-snippet:-1, max-image-preview:large, max-video-preview:-1\" \/>\n<link rel=\"canonical\" href=\"https:\/\/www.uman4u.com\/en\/company\/training-courses\/\" \/>\n<meta property=\"og:locale\" content=\"en_US\" \/>\n<meta property=\"og:type\" content=\"article\" \/>\n<meta property=\"og:title\" content=\"Formations RH pour entreprise en Belgique | Cabinet Uman4U\" \/>\n<meta property=\"og:description\" content=\"Formation RH pour apprendre \u00e0 adapter sa communication en fonction du collaborateur gr\u00e2ce au mod\u00e8le Process Communication.\" \/>\n<meta property=\"og:url\" content=\"https:\/\/www.uman4u.com\/en\/company\/training-courses\/\" \/>\n<meta property=\"og:site_name\" content=\"Uman4U\" \/>\n<meta property=\"article:modified_time\" content=\"2020-03-20T12:40:48+00:00\" \/>\n<meta name=\"twitter:card\" content=\"summary_large_image\" \/>\n<meta name=\"twitter:label1\" content=\"Est. reading time\" \/>\n\t<meta name=\"twitter:data1\" content=\"5 minutes\" \/>\n<script type=\"application\/ld+json\" class=\"yoast-schema-graph\">{\"@context\":\"https:\/\/schema.org\",\"@graph\":[{\"@type\":\"WebPage\",\"@id\":\"https:\/\/www.uman4u.com\/en\/company\/training-courses\/\",\"url\":\"https:\/\/www.uman4u.com\/en\/company\/training-courses\/\",\"name\":\"RH training courses for companies in Belgium | Cabinet Uman4U\",\"isPartOf\":{\"@id\":\"https:\/\/www.uman4u.com\/#website\"},\"datePublished\":\"2019-01-02T09:19:35+00:00\",\"dateModified\":\"2020-03-20T12:40:48+00:00\",\"description\":\"HR training to learn how to adapt your communication according to the employee thanks to the Process Communication model.\",\"breadcrumb\":{\"@id\":\"https:\/\/www.uman4u.com\/en\/company\/training-courses\/#breadcrumb\"},\"inLanguage\":\"en-US\",\"potentialAction\":[{\"@type\":\"ReadAction\",\"target\":[\"https:\/\/www.uman4u.com\/en\/company\/training-courses\/\"]}]},{\"@type\":\"BreadcrumbList\",\"@id\":\"https:\/\/www.uman4u.com\/en\/company\/training-courses\/#breadcrumb\",\"itemListElement\":[{\"@type\":\"ListItem\",\"position\":1,\"name\":\"Home\",\"item\":\"https:\/\/www.uman4u.com\/en\/\"},{\"@type\":\"ListItem\",\"position\":2,\"name\":\"Company\",\"item\":\"https:\/\/www.uman4u.com\/en\/company\/\"},{\"@type\":\"ListItem\",\"position\":3,\"name\":\"Training courses\"}]},{\"@type\":\"WebSite\",\"@id\":\"https:\/\/www.uman4u.com\/#website\",\"url\":\"https:\/\/www.uman4u.com\/\",\"name\":\"Uman4U\",\"description\":\"\",\"potentialAction\":[{\"@type\":\"SearchAction\",\"target\":{\"@type\":\"EntryPoint\",\"urlTemplate\":\"https:\/\/www.uman4u.com\/?s={search_term_string}\"},\"query-input\":{\"@type\":\"PropertyValueSpecification\",\"valueRequired\":true,\"valueName\":\"search_term_string\"}}],\"inLanguage\":\"en-US\"}]}<\/script>\n<!-- \/ Yoast SEO plugin. -->","yoast_head_json":{"title":"RH training courses for companies in Belgium | Cabinet Uman4U","description":"HR training to learn how to adapt your communication according to the employee thanks to the Process Communication model.","robots":{"index":"index","follow":"follow","max-snippet":"max-snippet:-1","max-image-preview":"max-image-preview:large","max-video-preview":"max-video-preview:-1"},"canonical":"https:\/\/www.uman4u.com\/en\/company\/training-courses\/","og_locale":"en_US","og_type":"article","og_title":"Formations RH pour entreprise en Belgique | Cabinet Uman4U","og_description":"Formation RH pour apprendre \u00e0 adapter sa communication en fonction du collaborateur gr\u00e2ce au mod\u00e8le Process Communication.","og_url":"https:\/\/www.uman4u.com\/en\/company\/training-courses\/","og_site_name":"Uman4U","article_modified_time":"2020-03-20T12:40:48+00:00","twitter_card":"summary_large_image","twitter_misc":{"Est. reading time":"5 minutes"},"schema":{"@context":"https:\/\/schema.org","@graph":[{"@type":"WebPage","@id":"https:\/\/www.uman4u.com\/en\/company\/training-courses\/","url":"https:\/\/www.uman4u.com\/en\/company\/training-courses\/","name":"RH training courses for companies in Belgium | Cabinet Uman4U","isPartOf":{"@id":"https:\/\/www.uman4u.com\/#website"},"datePublished":"2019-01-02T09:19:35+00:00","dateModified":"2020-03-20T12:40:48+00:00","description":"HR training to learn how to adapt your communication according to the employee thanks to the Process Communication model.","breadcrumb":{"@id":"https:\/\/www.uman4u.com\/en\/company\/training-courses\/#breadcrumb"},"inLanguage":"en-US","potentialAction":[{"@type":"ReadAction","target":["https:\/\/www.uman4u.com\/en\/company\/training-courses\/"]}]},{"@type":"BreadcrumbList","@id":"https:\/\/www.uman4u.com\/en\/company\/training-courses\/#breadcrumb","itemListElement":[{"@type":"ListItem","position":1,"name":"Home","item":"https:\/\/www.uman4u.com\/en\/"},{"@type":"ListItem","position":2,"name":"Company","item":"https:\/\/www.uman4u.com\/en\/company\/"},{"@type":"ListItem","position":3,"name":"Training courses"}]},{"@type":"WebSite","@id":"https:\/\/www.uman4u.com\/#website","url":"https:\/\/www.uman4u.com\/","name":"Uman4U","description":"","potentialAction":[{"@type":"SearchAction","target":{"@type":"EntryPoint","urlTemplate":"https:\/\/www.uman4u.com\/?s={search_term_string}"},"query-input":{"@type":"PropertyValueSpecification","valueRequired":true,"valueName":"search_term_string"}}],"inLanguage":"en-US"}]}},"jetpack_sharing_enabled":true,"jetpack_shortlink":"https:\/\/wp.me\/PaUbH6-9u","_links":{"self":[{"href":"https:\/\/www.uman4u.com\/en\/wp-json\/wp\/v2\/pages\/588","targetHints":{"allow":["GET"]}}],"collection":[{"href":"https:\/\/www.uman4u.com\/en\/wp-json\/wp\/v2\/pages"}],"about":[{"href":"https:\/\/www.uman4u.com\/en\/wp-json\/wp\/v2\/types\/page"}],"author":[{"embeddable":true,"href":"https:\/\/www.uman4u.com\/en\/wp-json\/wp\/v2\/users\/3"}],"replies":[{"embeddable":true,"href":"https:\/\/www.uman4u.com\/en\/wp-json\/wp\/v2\/comments?post=588"}],"version-history":[{"count":0,"href":"https:\/\/www.uman4u.com\/en\/wp-json\/wp\/v2\/pages\/588\/revisions"}],"up":[{"embeddable":true,"href":"https:\/\/www.uman4u.com\/en\/wp-json\/wp\/v2\/pages\/547"}],"wp:attachment":[{"href":"https:\/\/www.uman4u.com\/en\/wp-json\/wp\/v2\/media?parent=588"}],"curies":[{"name":"wp","href":"https:\/\/api.w.org\/{rel}","templated":true}]}}