{"id":568,"date":"2019-01-02T10:16:22","date_gmt":"2019-01-02T09:16:22","guid":{"rendered":"https:\/\/www.uman4u.com\/company\/consultance\/"},"modified":"2020-03-20T13:40:47","modified_gmt":"2020-03-20T12:40:47","slug":"consultancy","status":"publish","type":"page","link":"https:\/\/www.uman4u.com\/en\/company\/consultancy\/","title":{"rendered":"Consultancy"},"content":{"rendered":"<div class=\"wpb-content-wrapper\"><p>[vc_row el_id=&#8221;under&#8221;][vc_column width=&#8221;1\/2&#8243; css=&#8221;.vc_custom_1548413256077{padding-top: 50px !important;padding-bottom: 50px !important;}&#8221;][vc_column_text]<\/p>\n<h2>An independent consultant for optimising your HR policy<\/h2>\n<p>Uman4U is a consultancy. We help businesses to optimise their HR practices and procedures by advising them about numerous different issues:\u00a0<strong>managing talent, job classification, job description, social relations, development and skills enhancement plans, internal communication, remuneration policy, organisational definition<\/strong>, etc.[\/vc_column_text][vc_column_text]To do this, we always proceed in two main steps:<\/p>\n<ul>\n<li>We begin by <strong>familiarising ourselves with your HR <\/strong>so that we can identify both its strengths and areas that would benefit from improvement. This HR audit enables us to analyse your current situation very accurately and to see how we can help you to optimise it.<\/li>\n<li>We then translate this analysis by suggesting <strong>solutions that are both practical and personalised <\/strong>and by advising you how best to implement them.<\/li>\n<\/ul>\n<p>[\/vc_column_text][\/vc_column][vc_column width=&#8221;1\/2&#8243; css=&#8221;.vc_custom_1548421160993{margin-top: -30px !important;margin-bottom: 30px !important;padding-top: 25px !important;padding-right: 25px !important;padding-bottom: 25px !important;padding-left: 25px !important;background-color: #00b3eb !important;}&#8221; el_class=&#8221;custom-white&#8221; el_id=&#8221;formulaire&#8221;][vc_column_text css=&#8221;.vc_custom_1551199542159{margin-bottom: 20px !important;}&#8221;]<\/p>\n<h3>Would you like to call on our consultancy services?<\/h3>\n<p>Please complete the form so that we can arrange for you to discuss your enquiry with one of our experts.[\/vc_column_text]\n<div class=\"wpcf7 no-js\" id=\"wpcf7-f514-o1\" lang=\"fr-FR\" dir=\"ltr\" data-wpcf7-id=\"514\">\n<div class=\"screen-reader-response\"><p role=\"status\" aria-live=\"polite\" aria-atomic=\"true\"><\/p> <ul><\/ul><\/div>\n<form action=\"\/en\/wp-json\/wp\/v2\/pages\/568#wpcf7-f514-o1\" method=\"post\" class=\"wpcf7-form init\" aria-label=\"Formulaire de contact\" novalidate=\"novalidate\" data-status=\"init\">\n<fieldset class=\"hidden-fields-container\"><input type=\"hidden\" name=\"_wpcf7\" value=\"514\" \/><input type=\"hidden\" name=\"_wpcf7_version\" value=\"6.1.4\" \/><input type=\"hidden\" name=\"_wpcf7_locale\" value=\"fr_FR\" \/><input type=\"hidden\" name=\"_wpcf7_unit_tag\" value=\"wpcf7-f514-o1\" \/><input type=\"hidden\" name=\"_wpcf7_container_post\" value=\"0\" \/><input type=\"hidden\" name=\"_wpcf7_posted_data_hash\" value=\"\" \/><input type=\"hidden\" name=\"_wpcf7_recaptcha_response\" value=\"\" \/>\n<\/fieldset>\n<div class=\"wf-container\">\n\t<div class=\"wf-cell wf-1-2\">\n\t\t<p><label>First name *<\/label><br \/>\n<span class=\"wpcf7-form-control-wrap\" data-name=\"prenom\"><input size=\"40\" maxlength=\"400\" class=\"wpcf7-form-control wpcf7-text wpcf7-validates-as-required\" aria-required=\"true\" aria-invalid=\"false\" value=\"\" type=\"text\" name=\"prenom\" \/><\/span>\n\t\t<\/p>\n\t<\/div>\n\t<div class=\"wf-cell wf-1-2\">\n\t\t<p><label>Last name *<\/label><br \/>\n<span class=\"wpcf7-form-control-wrap\" data-name=\"nom\"><input size=\"40\" maxlength=\"400\" class=\"wpcf7-form-control wpcf7-text wpcf7-validates-as-required\" aria-required=\"true\" aria-invalid=\"false\" value=\"\" type=\"text\" name=\"nom\" \/><\/span>\n\t\t<\/p>\n\t<\/div>\n\t<div class=\"wf-cell wf-1-2\">\n\t\t<p><label>E-mail address *<\/label><br \/>\n<span class=\"wpcf7-form-control-wrap\" data-name=\"email\"><input size=\"40\" maxlength=\"400\" class=\"wpcf7-form-control wpcf7-email wpcf7-validates-as-required wpcf7-text wpcf7-validates-as-email\" aria-required=\"true\" aria-invalid=\"false\" value=\"\" type=\"email\" name=\"email\" \/><\/span>\n\t\t<\/p>\n\t<\/div>\n\t<div class=\"wf-cell wf-1-2\">\n\t\t<p><label>Telephone\/mobile<\/label><br \/>\n<span class=\"wpcf7-form-control-wrap\" data-name=\"telephone\"><input size=\"40\" maxlength=\"400\" class=\"wpcf7-form-control wpcf7-tel wpcf7-text wpcf7-validates-as-tel\" aria-invalid=\"false\" value=\"\" type=\"tel\" name=\"telephone\" \/><\/span>\n\t\t<\/p>\n\t<\/div>\n<\/div>\n<p><label>Give details of your enquiry *<\/label><br \/>\n<span class=\"wpcf7-form-control-wrap\" data-name=\"message\"><textarea cols=\"1\" rows=\"3\" maxlength=\"2000\" class=\"wpcf7-form-control wpcf7-textarea wpcf7-validates-as-required\" aria-required=\"true\" aria-invalid=\"false\" name=\"message\"><\/textarea><\/span>\n<\/p>\n<p style=\"font-size: 13px; line-height: 20px;\">By returning this form to us, you agree to Uman4U recording and using the information gathered to deal with you enquiry. If you would like to find out more about our privacy policy, click <a href=\"https:\/\/www.uman4u.com\/en\/privacy-policy\/\" target=\"_blank\">here<\/a>\n<\/p>\n<p style=\"font-size: 13px; line-height: 20px;\"><span class=\"wpcf7-form-control-wrap\" data-name=\"privacy\"><span class=\"wpcf7-form-control wpcf7-acceptance\"><span class=\"wpcf7-list-item\"><label><input type=\"checkbox\" name=\"privacy\" value=\"1\" aria-invalid=\"false\" \/><span class=\"wpcf7-list-item-label\">Yes, I give my consent<\/span><\/label><\/span><\/span><\/span>\n<\/p>\n<p><input class=\"wpcf7-form-control wpcf7-submit has-spinner\" type=\"submit\" value=\"Send\" \/>\n<\/p><div class=\"wpcf7-response-output\" aria-hidden=\"true\"><\/div>\n<\/form>\n<\/div>\n[\/vc_column][\/vc_row][vc_row content_placement=&#8221;middle&#8221; bg_type=&#8221;grad&#8221; bg_override=&#8221;ex-full&#8221; seperator_enable=&#8221;seperator_enable_value&#8221; icon_type=&#8221;custom&#8221; icon_img=&#8221;id^127|url^https:\/\/www.uman4u.com\/wp-content\/uploads\/2019\/01\/uman-1.png|caption^null|alt^null|title^uman-1|description^null&#8221; img_width=&#8221;180&#8243; bg_grad=&#8221;background: -webkit-gradient(linear, left top, left bottom, color-stop(0%, #00B6ED), color-stop(100%, #009DE0));background: -moz-linear-gradient(135deg,#00B6ED 0%,#009DE0 100%);background: -webkit-linear-gradient(135deg,#00B6ED 0%,#009DE0 100%);background: -o-linear-gradient(135deg,#00B6ED 0%,#009DE0 100%);background: -ms-linear-gradient(135deg,#00B6ED 0%,#009DE0 100%);background: linear-gradient(135deg,#00B6ED 0%,#009DE0 100%);&#8221; css=&#8221;.vc_custom_1548414283161{padding-top: 20px !important;padding-bottom: 50px !important;}&#8221; el_class=&#8221;custom-sep-l&#8221;][vc_column width=&#8221;1\/2&#8243;][vc_column_text el_class=&#8221;custom-white&#8221;]<\/p>\n<h2>The main qualities of a good HR consultant<\/h2>\n<p>[\/vc_column_text][vc_column_text el_class=&#8221;custom-white&#8221;]A good consultancy must be able to act effectively in assisting its clients to resolve the issue(s) behind their enquiry. This means that the consultancy\u2019s staff must have a range of different skills essential for completing their assignment successfully:<\/p>\n<ul>\n<li><strong>They must be fully aware of the way companies work <\/strong>and the business world in which they operate<\/li>\n<li>They must be able to <strong>analyse a situation accurately<\/strong><\/li>\n<li><strong>They must have excellent ability to adapt <\/strong>so that they can integrate easily into the various HR teams<\/li>\n<li><strong>They must be able to coordinate<\/strong>, run and\/or implement various projects<\/li>\n<li><strong>They need to have great relational skills and an acute sense of ethics <\/strong>in areas such as issues associated with confidentiality.<\/li>\n<\/ul>\n<p>[\/vc_column_text]<style type=\"text\/css\" data-type=\"the7_shortcodes-inline-css\">#default-btn-2da5272dc77ee1d69eb094797cfce592 {\n  border-radius: 50px;\n  font-size: 15px;\n  line-height: 17px;\n}\n.btn-shadow#default-btn-2da5272dc77ee1d69eb094797cfce592 {\n  box-shadow: 0 1px 6px rgba(0,0,0,0.12);\n  transition: box-shadow 0.2s ease-out, opacity 0.45s;\n}\n.btn-shadow#default-btn-2da5272dc77ee1d69eb094797cfce592:hover {\n  box-shadow: 0 5px 11px 0 rgba(0,0,0,0.18), 0 4px 15px 0 rgba(0,0,0,0.15);\n}\n.btn-3d#default-btn-2da5272dc77ee1d69eb094797cfce592 {\n  box-shadow: 0px 2px 0px 0px #3d3f5d;\n}\n.btn-flat#default-btn-2da5272dc77ee1d69eb094797cfce592 {\n  box-shadow: none;\n}\n.btn-flat#default-btn-2da5272dc77ee1d69eb094797cfce592:hover {\n  box-shadow: none;\n}\n#default-btn-2da5272dc77ee1d69eb094797cfce592.ico-right-side > i {\n  margin-right: 0px;\n  margin-left: 8px;\n}\n#default-btn-2da5272dc77ee1d69eb094797cfce592 > i {\n  margin-right: 8px;\n  font-size: 15px;\n}\n#default-btn-2da5272dc77ee1d69eb094797cfce592:not(:hover) {\n  border-width: 0px;\n  background: #404697 !important;\n  padding: 12px 18px 12px 18px;\n}\n#default-btn-2da5272dc77ee1d69eb094797cfce592:hover {\n  border-width: 0px;\n  padding: 12px 18px 12px 18px;\n}\n#default-btn-2da5272dc77ee1d69eb094797cfce592.ico-right-side > i {\n  margin-right: 0px;\n  margin-left: 8px;\n}\n#default-btn-2da5272dc77ee1d69eb094797cfce592 > i {\n  margin-right: 8px;\n}<\/style><div class=\"btn-align-right\"><a href=\"#!\/formulaire\" class=\"default-btn-shortcode dt-btn link-hover-off anchor-link btn-flat \" id=\"default-btn-2da5272dc77ee1d69eb094797cfce592\" title=\"Formulaire de contact\"><span>Call on our experts<\/span><\/a><\/div>[\/vc_column][vc_column width=&#8221;1\/2&#8243;][vc_single_image image=&#8221;571&#8243; img_size=&#8221;500 x 500&#8243; alignment=&#8221;center&#8221; css=&#8221;.vc_custom_1550075770046{margin-right: 10px !important;margin-bottom: 0px !important;margin-left: 10px !important;}&#8221;][\/vc_column][\/vc_row][vc_row css=&#8221;.vc_custom_1547473848881{padding-top: 20px !important;padding-bottom: 30px !important;}&#8221; el_class=&#8221;custom-sep-l&#8221;][vc_column][vc_column_text css=&#8221;.vc_custom_1551199616387{margin-bottom: 0px !important;}&#8221;]<\/p>\n<h2><span lang=\"EN-GB\">Why select our particular HR consultancy?<\/span><\/h2>\n<p>[\/vc_column_text][\/vc_column][vc_column width=&#8221;1\/2&#8243;][vc_column_text]<\/p>\n<h3>Personalised support and guidance<\/h3>\n<p>We believe that it is extremely important for the <strong>solutions we put forward to be given a personal touch<\/strong>. To make this happen, we are always listening to your company and its teams and our aim is to create a strong partnership with you.[\/vc_column_text][\/vc_column][vc_column width=&#8221;1\/2&#8243;][vc_column_text]<\/p>\n<h3>Tried-and-tested experience in Human Resources<\/h3>\n<p>Throughout their professional careers and their many years working in business, our HR specialists have gained a <strong>huge amount of experience<\/strong>, which they make available to you.[\/vc_column_text][\/vc_column][\/vc_row][vc_row][vc_column width=&#8221;1\/3&#8243;][vc_column_text]<\/p>\n<h3>Effective solutions that deliver a very fast ROI<\/h3>\n<p>We draw up a <strong>business strategy that is suited to your business and which encompasses operational HR solutions that focus on results and which for you represent a genuine investment in time and money<\/strong>.[\/vc_column_text][\/vc_column][vc_column width=&#8221;1\/3&#8243;][vc_column_text]<\/p>\n<h3>Emphasis on the relational<\/h3>\n<p>As HR consultants, our mission sometimes requires us to push you gently in the right direction so that you can focus on areas that would benefit from improvement. But in doing so, we also make sure that we<strong> inculcate genuine empathy in the relationship<\/strong> that we are going to build with you.[\/vc_column_text][\/vc_column][vc_column width=&#8221;1\/3&#8243;][vc_column_text]<\/p>\n<h3>Transfer of skills<\/h3>\n<p>We make it a point of pride to <strong>allow you to be autonomous<\/strong> and so to be free to adapt the project based on the way it is developing to ensure that it fits the needs of your organisation.[\/vc_column_text][\/vc_column][vc_column]<style type=\"text\/css\" data-type=\"the7_shortcodes-inline-css\">#default-btn-61c5fc82b25432d8bd883d0ef0c48994.ico-right-side > i {\n  margin-right: 0px;\n  margin-left: 8px;\n}\n#default-btn-61c5fc82b25432d8bd883d0ef0c48994 > i {\n  margin-right: 8px;\n}<\/style><div class=\"btn-align-right\"><a href=\"#!\/formulaire\" class=\"default-btn-shortcode dt-btn dt-btn-m link-hover-off anchor-link \" id=\"default-btn-61c5fc82b25432d8bd883d0ef0c48994\" title=\"Formulaire de contact\"><span>Call on our experts<\/span><\/a><\/div>[\/vc_column][\/vc_row]<\/p>\n<\/div>","protected":false},"excerpt":{"rendered":"<p>[vc_row el_id=&#8221;under&#8221;][vc_column width=&#8221;1\/2&#8243; css=&#8221;.vc_custom_1548413256077{padding-top: 50px !important;padding-bottom: 50px !important;}&#8221;][vc_column_text] An independent consultant for optimising your HR policy Uman4U is a consultancy. We help businesses to optimise their HR practices and procedures by advising them about numerous different issues:\u00a0managing talent, job classification, job description, social relations, development and skills enhancement plans, internal communication, remuneration policy, organisational definition,&hellip;<\/p>\n","protected":false},"author":2,"featured_media":0,"parent":547,"menu_order":0,"comment_status":"closed","ping_status":"closed","template":"","meta":{"jetpack_post_was_ever_published":false,"footnotes":""},"class_list":["post-568","page","type-page","status-publish","hentry","description-off"],"yoast_head":"<!-- This site is optimized with the Yoast SEO plugin v26.8 - https:\/\/yoast.com\/product\/yoast-seo-wordpress\/ -->\n<title>HR advice and coaching consultancy in Belgium | Uman4U<\/title>\n<meta name=\"description\" content=\"An independent HR consultant to optimize your human resources policy. After performing an HR audit, we propose concrete solutions.\" \/>\n<meta name=\"robots\" content=\"index, follow, max-snippet:-1, max-image-preview:large, max-video-preview:-1\" \/>\n<link rel=\"canonical\" href=\"https:\/\/www.uman4u.com\/en\/company\/consultancy\/\" \/>\n<meta property=\"og:locale\" content=\"en_US\" \/>\n<meta property=\"og:type\" content=\"article\" \/>\n<meta property=\"og:title\" content=\"Cabinet de consultance RH pour entreprise en Belgique | Uman4U\" \/>\n<meta property=\"og:description\" content=\"Un consultant RH ind\u00e9pendant pour optimiser votre politique de ressources humaines. Apr\u00e8s un audit RH nous proposons des solutions concr\u00e8tes.\" \/>\n<meta property=\"og:url\" content=\"https:\/\/www.uman4u.com\/en\/company\/consultancy\/\" \/>\n<meta property=\"og:site_name\" content=\"Uman4U\" \/>\n<meta property=\"article:modified_time\" content=\"2020-03-20T12:40:47+00:00\" \/>\n<meta name=\"twitter:card\" content=\"summary_large_image\" \/>\n<meta name=\"twitter:label1\" content=\"Est. reading time\" \/>\n\t<meta name=\"twitter:data1\" content=\"5 minutes\" \/>\n<script type=\"application\/ld+json\" class=\"yoast-schema-graph\">{\"@context\":\"https:\/\/schema.org\",\"@graph\":[{\"@type\":\"WebPage\",\"@id\":\"https:\/\/www.uman4u.com\/en\/company\/consultancy\/\",\"url\":\"https:\/\/www.uman4u.com\/en\/company\/consultancy\/\",\"name\":\"HR advice and coaching consultancy in Belgium | Uman4U\",\"isPartOf\":{\"@id\":\"https:\/\/www.uman4u.com\/#website\"},\"datePublished\":\"2019-01-02T09:16:22+00:00\",\"dateModified\":\"2020-03-20T12:40:47+00:00\",\"description\":\"An independent HR consultant to optimize your human resources policy. After performing an HR audit, we propose concrete solutions.\",\"breadcrumb\":{\"@id\":\"https:\/\/www.uman4u.com\/en\/company\/consultancy\/#breadcrumb\"},\"inLanguage\":\"en-US\",\"potentialAction\":[{\"@type\":\"ReadAction\",\"target\":[\"https:\/\/www.uman4u.com\/en\/company\/consultancy\/\"]}]},{\"@type\":\"BreadcrumbList\",\"@id\":\"https:\/\/www.uman4u.com\/en\/company\/consultancy\/#breadcrumb\",\"itemListElement\":[{\"@type\":\"ListItem\",\"position\":1,\"name\":\"Home\",\"item\":\"https:\/\/www.uman4u.com\/en\/\"},{\"@type\":\"ListItem\",\"position\":2,\"name\":\"Company\",\"item\":\"https:\/\/www.uman4u.com\/en\/company\/\"},{\"@type\":\"ListItem\",\"position\":3,\"name\":\"Consultancy\"}]},{\"@type\":\"WebSite\",\"@id\":\"https:\/\/www.uman4u.com\/#website\",\"url\":\"https:\/\/www.uman4u.com\/\",\"name\":\"Uman4U\",\"description\":\"\",\"potentialAction\":[{\"@type\":\"SearchAction\",\"target\":{\"@type\":\"EntryPoint\",\"urlTemplate\":\"https:\/\/www.uman4u.com\/?s={search_term_string}\"},\"query-input\":{\"@type\":\"PropertyValueSpecification\",\"valueRequired\":true,\"valueName\":\"search_term_string\"}}],\"inLanguage\":\"en-US\"}]}<\/script>\n<!-- \/ Yoast SEO plugin. -->","yoast_head_json":{"title":"HR advice and coaching consultancy in Belgium | Uman4U","description":"An independent HR consultant to optimize your human resources policy. After performing an HR audit, we propose concrete solutions.","robots":{"index":"index","follow":"follow","max-snippet":"max-snippet:-1","max-image-preview":"max-image-preview:large","max-video-preview":"max-video-preview:-1"},"canonical":"https:\/\/www.uman4u.com\/en\/company\/consultancy\/","og_locale":"en_US","og_type":"article","og_title":"Cabinet de consultance RH pour entreprise en Belgique | Uman4U","og_description":"Un consultant RH ind\u00e9pendant pour optimiser votre politique de ressources humaines. Apr\u00e8s un audit RH nous proposons des solutions concr\u00e8tes.","og_url":"https:\/\/www.uman4u.com\/en\/company\/consultancy\/","og_site_name":"Uman4U","article_modified_time":"2020-03-20T12:40:47+00:00","twitter_card":"summary_large_image","twitter_misc":{"Est. reading time":"5 minutes"},"schema":{"@context":"https:\/\/schema.org","@graph":[{"@type":"WebPage","@id":"https:\/\/www.uman4u.com\/en\/company\/consultancy\/","url":"https:\/\/www.uman4u.com\/en\/company\/consultancy\/","name":"HR advice and coaching consultancy in Belgium | Uman4U","isPartOf":{"@id":"https:\/\/www.uman4u.com\/#website"},"datePublished":"2019-01-02T09:16:22+00:00","dateModified":"2020-03-20T12:40:47+00:00","description":"An independent HR consultant to optimize your human resources policy. After performing an HR audit, we propose concrete solutions.","breadcrumb":{"@id":"https:\/\/www.uman4u.com\/en\/company\/consultancy\/#breadcrumb"},"inLanguage":"en-US","potentialAction":[{"@type":"ReadAction","target":["https:\/\/www.uman4u.com\/en\/company\/consultancy\/"]}]},{"@type":"BreadcrumbList","@id":"https:\/\/www.uman4u.com\/en\/company\/consultancy\/#breadcrumb","itemListElement":[{"@type":"ListItem","position":1,"name":"Home","item":"https:\/\/www.uman4u.com\/en\/"},{"@type":"ListItem","position":2,"name":"Company","item":"https:\/\/www.uman4u.com\/en\/company\/"},{"@type":"ListItem","position":3,"name":"Consultancy"}]},{"@type":"WebSite","@id":"https:\/\/www.uman4u.com\/#website","url":"https:\/\/www.uman4u.com\/","name":"Uman4U","description":"","potentialAction":[{"@type":"SearchAction","target":{"@type":"EntryPoint","urlTemplate":"https:\/\/www.uman4u.com\/?s={search_term_string}"},"query-input":{"@type":"PropertyValueSpecification","valueRequired":true,"valueName":"search_term_string"}}],"inLanguage":"en-US"}]}},"jetpack_sharing_enabled":true,"jetpack_shortlink":"https:\/\/wp.me\/PaUbH6-9a","_links":{"self":[{"href":"https:\/\/www.uman4u.com\/en\/wp-json\/wp\/v2\/pages\/568","targetHints":{"allow":["GET"]}}],"collection":[{"href":"https:\/\/www.uman4u.com\/en\/wp-json\/wp\/v2\/pages"}],"about":[{"href":"https:\/\/www.uman4u.com\/en\/wp-json\/wp\/v2\/types\/page"}],"author":[{"embeddable":true,"href":"https:\/\/www.uman4u.com\/en\/wp-json\/wp\/v2\/users\/2"}],"replies":[{"embeddable":true,"href":"https:\/\/www.uman4u.com\/en\/wp-json\/wp\/v2\/comments?post=568"}],"version-history":[{"count":0,"href":"https:\/\/www.uman4u.com\/en\/wp-json\/wp\/v2\/pages\/568\/revisions"}],"up":[{"embeddable":true,"href":"https:\/\/www.uman4u.com\/en\/wp-json\/wp\/v2\/pages\/547"}],"wp:attachment":[{"href":"https:\/\/www.uman4u.com\/en\/wp-json\/wp\/v2\/media?parent=568"}],"curies":[{"name":"wp","href":"https:\/\/api.w.org\/{rel}","templated":true}]}}