{"id":562,"date":"2019-01-02T10:14:26","date_gmt":"2019-01-02T09:14:26","guid":{"rendered":"https:\/\/www.uman4u.com\/a-propos\/"},"modified":"2020-08-20T09:18:11","modified_gmt":"2020-08-20T07:18:11","slug":"about","status":"publish","type":"page","link":"https:\/\/www.uman4u.com\/en\/about\/","title":{"rendered":"About"},"content":{"rendered":"<div class=\"wpb-content-wrapper\"><p>[vc_row content_placement=&#8221;middle&#8221; el_id=&#8221;under&#8221;][vc_column width=&#8221;1\/6&#8243;][\/vc_column][vc_column width=&#8221;2\/3&#8243; css=&#8221;.vc_custom_1546441549446{padding-bottom: 20px !important;}&#8221;][vc_column_text]<\/p>\n<h2 style=\"text-align: center;\">Our agency<\/h2>\n<p style=\"text-align: center;\">Founded by Wivine Gilsoul and Denis Didriche, Uman4U is an agency that specialises in <strong>human resources consultancy<\/strong>, <strong>coaching<\/strong>, <strong>career management <\/strong>and <strong>defining organisational strategies<\/strong>.<\/p>\n<p>[\/vc_column_text][\/vc_column][vc_column width=&#8221;1\/6&#8243;][\/vc_column][\/vc_row][vc_row content_placement=&#8221;middle&#8221; css=&#8221;.vc_custom_1547473801181{margin-bottom: 30px !important;}&#8221;][vc_column width=&#8221;1\/3&#8243;][vc_single_image image=&#8221;527&#8243; img_size=&#8221;450 x 450&#8243; alignment=&#8221;right&#8221; css=&#8221;.vc_custom_1550075453784{margin-right: 10px !important;margin-bottom: 0px !important;margin-left: 10px !important;}&#8221;][\/vc_column][vc_column width=&#8221;2\/3&#8243;][vc_column_text css=&#8221;.vc_custom_1551199291003{margin-bottom: 15px !important;}&#8221;]<\/p>\n<h3>Business support<\/h3>\n<p>Our aim is to help businesses \u2013 and especially their <strong>human resources<\/strong> \u2013 to perform better. The role of HR is a complex one, because it extends across the whole organisation. HR is not just about managing payroll and the time people take off for holidays and illness. It\u2019s also about instilling <strong>consistency<\/strong> <strong>in the way talent is managed<\/strong> in terms of the company\u2019s attractiveness (i.e. do I want to work there?) and staff development and retention, as well as the remuneration policy within the business. To do that, you need to pinpoint the company\u2019s corporate culture; in other words its mission, vision and values.[\/vc_column_text]<style type=\"text\/css\" data-type=\"the7_shortcodes-inline-css\">#default-btn-08ff7d74cca7d4d839d5e365795cb3d4.ico-right-side > i {\n  margin-right: 0px;\n  margin-left: 8px;\n}\n#default-btn-08ff7d74cca7d4d839d5e365795cb3d4 > i {\n  margin-right: 8px;\n}<\/style><div class=\"btn-align-right\"><a href=\"https:\/\/www.uman4u.com\/en\/company\/\" class=\"default-btn-shortcode dt-btn dt-btn-m link-hover-off  vc_custom_1551199319587\" id=\"default-btn-08ff7d74cca7d4d839d5e365795cb3d4\" title=\"Business coaching\"><span>Find out about our services<\/span><\/a><\/div>[\/vc_column][\/vc_row][vc_row content_placement=&#8221;middle&#8221; css=&#8221;.vc_custom_1547473801181{margin-bottom: 30px !important;}&#8221;][vc_column width=&#8221;1\/6&#8243;][\/vc_column][vc_column width=&#8221;2\/3&#8243;][vc_column_text css=&#8221;.vc_custom_1551199299194{margin-bottom: 15px !important;}&#8221;]Good business support is more of a marathon than a sprint. It requires taking a close look at the basics of the business and, sometimes, this means bringing in a <strong>consultant<\/strong>\u00a0from the outside and\/or an <strong>independent coach<\/strong>. This person can take a neutral stance in guiding change with the individuals concerned, acting as a facilitator and leading the organisation towards the goals that have been set.<\/p>\n<p>To assist you, we offer the service of an interim HR function, the aim of which is to lead you towards change(s) in your company\u2019s culture by having a presence within the organisation.[\/vc_column_text][\/vc_column][vc_column width=&#8221;1\/6&#8243;][\/vc_column][\/vc_row][vc_row content_placement=&#8221;middle&#8221; css=&#8221;.vc_custom_1546441695599{margin-bottom: 50px !important;}&#8221;][vc_column width=&#8221;1\/2&#8243; css=&#8221;.vc_custom_1546441549446{padding-bottom: 20px !important;}&#8221;][vc_column_text]<\/p>\n<h3>Career coaching<\/h3>\n<p>We are also qualified to deal with all issues relating to\u00a0<strong>career management<\/strong>. Whether you are a <strong>private<\/strong> <strong>individual<\/strong> or an <strong>employee<\/strong>\u00a0in a company, we will help you to progress in your working life (change of job or profession, career plan, etc.). Together, we will identify where your talents lie and where you can improve \u2013 and we will also resolve any areas that are holding you back so that you can develop further.[\/vc_column_text]<style type=\"text\/css\" data-type=\"the7_shortcodes-inline-css\">#default-btn-025d556b980d00adcc06647173986e60.ico-right-side > i {\n  margin-right: 0px;\n  margin-left: 8px;\n}\n#default-btn-025d556b980d00adcc06647173986e60 > i {\n  margin-right: 8px;\n}<\/style><div class=\"btn-align-right\"><a href=\"https:\/\/www.uman4u.com\/en\/company\/\" class=\"default-btn-shortcode dt-btn dt-btn-m link-hover-off  vc_custom_1551199346698\" id=\"default-btn-025d556b980d00adcc06647173986e60\" title=\"Business coaching\"><span>Find out about our services<\/span><\/a><\/div>[\/vc_column][vc_column width=&#8221;1\/2&#8243;][vc_single_image image=&#8221;528&#8243; img_size=&#8221;335 x 335&#8243; css=&#8221;.vc_custom_1550075462901{margin-right: 10px !important;margin-bottom: 0px !important;margin-left: 10px !important;}&#8221;][\/vc_column][\/vc_row][vc_row bg_type=&#8221;grad&#8221; bg_override=&#8221;ex-full&#8221; seperator_enable=&#8221;seperator_enable_value&#8221; icon_type=&#8221;custom&#8221; icon_img=&#8221;id^127|url^https:\/\/www.uman4u.com\/wp-content\/uploads\/2019\/01\/uman-1.png|caption^null|alt^null|title^uman-1|description^null&#8221; img_width=&#8221;180&#8243; bg_grad=&#8221;background: -webkit-gradient(linear, left top, left bottom, color-stop(0%, #00B6ED), color-stop(100%, #009DE0));background: -moz-linear-gradient(135deg,#00B6ED 0%,#009DE0 100%);background: -webkit-linear-gradient(135deg,#00B6ED 0%,#009DE0 100%);background: -o-linear-gradient(135deg,#00B6ED 0%,#009DE0 100%);background: -ms-linear-gradient(135deg,#00B6ED 0%,#009DE0 100%);background: linear-gradient(135deg,#00B6ED 0%,#009DE0 100%);&#8221; css=&#8221;.vc_custom_1546442463888{padding-top: 20px !important;padding-bottom: 50px !important;}&#8221; el_class=&#8221;custom-sep-l&#8221;][vc_column width=&#8221;1\/2&#8243;][vc_column_text el_class=&#8221;custom-white&#8221;]<\/p>\n<h2>Why trust Uman4U?<\/h2>\n<p>There are various benefits for you to take advantage of when you call on our consultancy and coaching skills:<\/p>\n<ul>\n<li>An <strong>overall view <\/strong>of your business and the issues facing it, or a look at your professional situation and anything that may be holding you back.<\/li>\n<li>A specific plan of action will give you a rapid <strong>return on your investment<\/strong>.<\/li>\n<li><strong>Guidance <\/strong>that is both confronting and empathic, enabling you to put your finger on areas that need improving.<\/li>\n<li><strong>Qualified experts <\/strong>who have HR and partnership skills that create results.<\/li>\n<\/ul>\n<p>[\/vc_column_text]<style type=\"text\/css\" data-type=\"the7_shortcodes-inline-css\">#default-btn-57080c3e7292a770035392f58e8e7152 {\n  border-radius: 50px;\n  font-size: 15px;\n  line-height: 17px;\n}\n.btn-shadow#default-btn-57080c3e7292a770035392f58e8e7152 {\n  box-shadow: 0 1px 6px rgba(0,0,0,0.12);\n  transition: box-shadow 0.2s ease-out, opacity 0.45s;\n}\n.btn-shadow#default-btn-57080c3e7292a770035392f58e8e7152:hover {\n  box-shadow: 0 5px 11px 0 rgba(0,0,0,0.18), 0 4px 15px 0 rgba(0,0,0,0.15);\n}\n.btn-3d#default-btn-57080c3e7292a770035392f58e8e7152 {\n  box-shadow: 0px 2px 0px 0px #3d3f5d;\n}\n.btn-flat#default-btn-57080c3e7292a770035392f58e8e7152 {\n  box-shadow: none;\n}\n.btn-flat#default-btn-57080c3e7292a770035392f58e8e7152:hover {\n  box-shadow: none;\n}\n#default-btn-57080c3e7292a770035392f58e8e7152.ico-right-side > i {\n  margin-right: 0px;\n  margin-left: 8px;\n}\n#default-btn-57080c3e7292a770035392f58e8e7152 > i {\n  margin-right: 8px;\n  font-size: 15px;\n}\n#default-btn-57080c3e7292a770035392f58e8e7152:not(:hover) {\n  border-width: 0px;\n  background: #404697 !important;\n  padding: 12px 18px 12px 18px;\n}\n#default-btn-57080c3e7292a770035392f58e8e7152:hover {\n  border-width: 0px;\n  padding: 12px 18px 12px 18px;\n}\n#default-btn-57080c3e7292a770035392f58e8e7152.ico-right-side > i {\n  margin-right: 0px;\n  margin-left: 8px;\n}\n#default-btn-57080c3e7292a770035392f58e8e7152 > i {\n  margin-right: 8px;\n}<\/style><div class=\"btn-align-right\"><a href=\"https:\/\/www.uman4u.com\/en\/company\/\" class=\"default-btn-shortcode dt-btn link-hover-off btn-flat  vc_custom_1551199390486\" id=\"default-btn-57080c3e7292a770035392f58e8e7152\" title=\"Business coaching for companies\"><span>Find out about our services<\/span><\/a><\/div>[\/vc_column][vc_column width=&#8221;1\/2&#8243;][vc_single_image image=&#8221;529&#8243; img_size=&#8221;400 x 400&#8243; alignment=&#8221;right&#8221; css=&#8221;.vc_custom_1550075471833{margin-right: 10px !important;margin-bottom: 0px !important;margin-left: 10px !important;}&#8221;][\/vc_column][\/vc_row][vc_row css=&#8221;.vc_custom_1547473848881{padding-top: 20px !important;padding-bottom: 30px !important;}&#8221; el_class=&#8221;custom-sep-l&#8221;][vc_column][vc_column_text css=&#8221;.vc_custom_1551199397978{margin-bottom: 0px !important;}&#8221;]<\/p>\n<h2><span lang=\"EN-GB\">Our values<\/span><\/h2>\n<p>[\/vc_column_text][\/vc_column][vc_column width=&#8221;1\/4&#8243;][vc_column_text]<\/p>\n<h3>People first<\/h3>\n<p>First and foremost, a business is made up of people. Which is why we give such great importance to all our partners.[\/vc_column_text][\/vc_column][vc_column width=&#8221;1\/4&#8243;][vc_column_text]<\/p>\n<h3>Listening<\/h3>\n<p>To highlight your strengths and skills, we take the time to listen to you, while understanding your needs and expectations is also essential.[\/vc_column_text][\/vc_column][vc_column width=&#8221;1\/4&#8243;][vc_column_text]<\/p>\n<h3>Integrity<\/h3>\n<p>Being ethical, respecting laws and working within a legal framework are vital values for our agency \u2013 as is respect for oneself and others.[\/vc_column_text][\/vc_column][vc_column width=&#8221;1\/4&#8243;][vc_column_text]<\/p>\n<h3>Efficiency<\/h3>\n<p>Working at the cutting edge and lifelong training are essential when it comes to providing an efficient service.[\/vc_column_text][\/vc_column][\/vc_row][vc_row bg_type=&#8221;grad&#8221; bg_override=&#8221;ex-full&#8221; seperator_enable=&#8221;seperator_enable_value&#8221; icon_type=&#8221;custom&#8221; icon_img=&#8221;id^136|url^https:\/\/www.uman4u.com\/wp-content\/uploads\/2019\/01\/uman-2.png|caption^null|alt^null|title^uman-2|description^null&#8221; img_width=&#8221;40&#8243; bg_grad=&#8221;background: -webkit-gradient(linear, left top, left bottom, color-stop(0%, #7B77B6), color-stop(100%, #404697));background: -moz-linear-gradient(135deg,#7B77B6 0%,#404697 100%);background: -webkit-linear-gradient(135deg,#7B77B6 0%,#404697 100%);background: -o-linear-gradient(135deg,#7B77B6 0%,#404697 100%);background: -ms-linear-gradient(135deg,#7B77B6 0%,#404697 100%);background: linear-gradient(135deg,#7B77B6 0%,#404697 100%);&#8221; css=&#8221;.vc_custom_1546503414017{margin-top: 100px !important;padding-top: 40px !important;padding-bottom: 50px !important;}&#8221;][vc_column][vc_column_text el_class=&#8221;custom-white&#8221;]<\/p>\n<h2>The team<\/h2>\n<p>[\/vc_column_text][vc_row_inner content_placement=&#8221;middle&#8221;][vc_column_inner width=&#8221;2\/3&#8243;][vc_column_text el_class=&#8221;custom-white&#8221;]<\/p>\n<h3>Wivine Gilsoul<\/h3>\n<p>Throughout her business career, HR Business Partner, Wivine Gilsoul has built up an arsenal of skills in <strong>change management<\/strong>,\u00a0<strong>social<\/strong> <strong>relations<\/strong>,\u00a0<strong>skills development and performance management<\/strong>,\u00a0<strong>selection and recruitment<\/strong>,\u00a0<strong>training and career management<\/strong>, etc. \u00a0After 15 years of experience gained in major international industrial groups, Wivine decided to place the whole of her expertise at the disposal of businesses and organisations by creating her own <strong>HR coaching and consulting business<\/strong> with Denis Didriche: Uman4U. Driven by her entrepreneurial spirit and very business-minded, Wivine seeks to direct, design and implement HR projects or skills while presenting <strong>solutions that are personalised, operational and results-oriented<\/strong>. Giving great importance to the relational side of the approach she takes, her aim is to provide structure and clear directives, while at the same time establishing a strong, participative partnership with her clients.[\/vc_column_text][\/vc_column_inner][vc_column_inner width=&#8221;1\/3&#8243;][vc_single_image image=&#8221;565&#8243; img_size=&#8221;400 x 400&#8243; css=&#8221;.vc_custom_1548410707232{margin-right: 10px !important;margin-bottom: 0px !important;margin-left: 10px !important;}&#8221;][\/vc_column_inner][\/vc_row_inner][vc_row_inner content_placement=&#8221;middle&#8221;][vc_column_inner width=&#8221;1\/3&#8243;][vc_single_image image=&#8221;563&#8243; img_size=&#8221;400 x 400&#8243; alignment=&#8221;right&#8221; css=&#8221;.vc_custom_1548410720730{margin-right: 10px !important;margin-bottom: 0px !important;margin-left: 10px !important;}&#8221;][\/vc_column_inner][vc_column_inner width=&#8221;2\/3&#8243;][vc_column_text el_class=&#8221;custom-white&#8221;]<\/p>\n<h3>Denis Didriche<\/h3>\n<p>As a Senior HR Specialist who has worked for more than 20 years in numerous areas of HR, Denis Didriche has gained a great deal of experience in a various of international environments, including <strong>compensation and benefits<\/strong>,\u00a0<strong>job<\/strong> <strong>classification<\/strong>,\u00a0<strong>remuneration policy and international mobility<\/strong>. With a legal background specialising in employment and social law, plus his fluency in French, English and Dutch, Denis makes his services available to companies and organisations by providing <strong>legal advice<\/strong>, <strong>business policy and<\/strong><strong> personalised solutions <\/strong>linked to the organisational changes of models, procedures and business methods. By taking an analytical and conceptual helicopter view of the issue at hand, he presents strategies and solutions aimed at achieving strong results that organisations are able to take on board and implement immediately. As an HR training presenter, for the past 10 years he has also been guiding the managers of non-commercial organisations in developing their recruitment skills, managing teams and implementing change.[\/vc_column_text][\/vc_column_inner][\/vc_row_inner][\/vc_column][\/vc_row][vc_row content_placement=&#8221;middle&#8221;][vc_column width=&#8221;3\/5&#8243;][vc_column_text]<\/p>\n<h3>Our partnership with Humanostics<\/h3>\n<p>Providing solutions rather than separate products is essential. Recruitment or competency assessments must be an integral part of the overall HR and leadership strategy.<\/p>\n<p>Humanostics is a talent optimization consulting firm. They use the best talent optimization tools to help organizations hire the right people, manage them and inspire them to achieve the best results as quickly as possible. Humanostics is a certified partner of The Predictive Index<sup>\u00ae<\/sup>, the world&#8217;s leading talent optimization platform.[\/vc_column_text]<style type=\"text\/css\" data-type=\"the7_shortcodes-inline-css\">#default-btn-aa0734017bb1db4abc7b2424bd89b414.ico-right-side > i {\n  margin-right: 0px;\n  margin-left: 8px;\n}\n#default-btn-aa0734017bb1db4abc7b2424bd89b414 > i {\n  margin-right: 8px;\n}<\/style><a href=\"https:\/\/humanostics.com\/\" class=\"default-btn-shortcode dt-btn dt-btn-m link-hover-off btn-inline-left \" target=\"_blank\" id=\"default-btn-aa0734017bb1db4abc7b2424bd89b414\" rel=\"noopener\"><span>Find out more<\/span><\/a>[\/vc_column][vc_column width=&#8221;2\/5&#8243;][vc_single_image image=&#8221;753&#8243; img_size=&#8221;500&#215;103&#8243; alignment=&#8221;center&#8221;][\/vc_column][\/vc_row]<\/p>\n<\/div>","protected":false},"excerpt":{"rendered":"<p>[vc_row content_placement=&#8221;middle&#8221; el_id=&#8221;under&#8221;][vc_column width=&#8221;1\/6&#8243;][\/vc_column][vc_column width=&#8221;2\/3&#8243; css=&#8221;.vc_custom_1546441549446{padding-bottom: 20px !important;}&#8221;][vc_column_text] Our agency Founded by Wivine Gilsoul and Denis Didriche, Uman4U is an agency that specialises in human resources consultancy, coaching, career management and defining organisational strategies. [\/vc_column_text][\/vc_column][vc_column width=&#8221;1\/6&#8243;][\/vc_column][\/vc_row][vc_row content_placement=&#8221;middle&#8221; css=&#8221;.vc_custom_1547473801181{margin-bottom: 30px !important;}&#8221;][vc_column width=&#8221;1\/3&#8243;][vc_single_image image=&#8221;527&#8243; img_size=&#8221;450 x 450&#8243; alignment=&#8221;right&#8221; css=&#8221;.vc_custom_1550075453784{margin-right: 10px !important;margin-bottom: 0px !important;margin-left: 10px !important;}&#8221;][\/vc_column][vc_column width=&#8221;2\/3&#8243;][vc_column_text css=&#8221;.vc_custom_1551199291003{margin-bottom:&hellip;<\/p>\n","protected":false},"author":2,"featured_media":0,"parent":0,"menu_order":2,"comment_status":"closed","ping_status":"closed","template":"","meta":{"jetpack_post_was_ever_published":false,"footnotes":""},"class_list":["post-562","page","type-page","status-publish","hentry","description-off"],"yoast_head":"<!-- This site is optimized with the Yoast SEO plugin v26.8 - https:\/\/yoast.com\/product\/yoast-seo-wordpress\/ -->\n<title>Uman4U: your specialist in HR strategy and guidance | Belgium<\/title>\n<meta name=\"description\" content=\"Uman4U cabinet specializes in HR consulting, coaching, career management and organizational strategy definition for companies and individuals.\" \/>\n<meta name=\"robots\" content=\"index, follow, max-snippet:-1, max-image-preview:large, max-video-preview:-1\" \/>\n<link rel=\"canonical\" href=\"https:\/\/www.uman4u.com\/en\/about\/\" \/>\n<meta property=\"og:locale\" content=\"en_US\" \/>\n<meta property=\"og:type\" content=\"article\" \/>\n<meta property=\"og:title\" content=\"Expert en strat\u00e9gie RH et accompagnement de carri\u00e8re | Belgique\" \/>\n<meta property=\"og:description\" content=\"Uman4U est sp\u00e9cialis\u00e9 dans la consultance RH, le coaching, la gestion de carri\u00e8re et la d\u00e9finition de strat\u00e9gies d\u2019organisation.\" \/>\n<meta property=\"og:url\" content=\"https:\/\/www.uman4u.com\/en\/about\/\" \/>\n<meta property=\"og:site_name\" content=\"Uman4U\" \/>\n<meta property=\"article:modified_time\" content=\"2020-08-20T07:18:11+00:00\" \/>\n<meta name=\"twitter:card\" content=\"summary_large_image\" \/>\n<meta name=\"twitter:label1\" content=\"Est. reading time\" \/>\n\t<meta name=\"twitter:data1\" content=\"8 minutes\" \/>\n<script type=\"application\/ld+json\" class=\"yoast-schema-graph\">{\"@context\":\"https:\/\/schema.org\",\"@graph\":[{\"@type\":\"WebPage\",\"@id\":\"https:\/\/www.uman4u.com\/en\/about\/\",\"url\":\"https:\/\/www.uman4u.com\/en\/about\/\",\"name\":\"Uman4U: your specialist in HR strategy and guidance | Belgium\",\"isPartOf\":{\"@id\":\"https:\/\/www.uman4u.com\/#website\"},\"datePublished\":\"2019-01-02T09:14:26+00:00\",\"dateModified\":\"2020-08-20T07:18:11+00:00\",\"description\":\"Uman4U cabinet specializes in HR consulting, coaching, career management and organizational strategy definition for companies and individuals.\",\"breadcrumb\":{\"@id\":\"https:\/\/www.uman4u.com\/en\/about\/#breadcrumb\"},\"inLanguage\":\"en-US\",\"potentialAction\":[{\"@type\":\"ReadAction\",\"target\":[\"https:\/\/www.uman4u.com\/en\/about\/\"]}]},{\"@type\":\"BreadcrumbList\",\"@id\":\"https:\/\/www.uman4u.com\/en\/about\/#breadcrumb\",\"itemListElement\":[{\"@type\":\"ListItem\",\"position\":1,\"name\":\"Home\",\"item\":\"https:\/\/www.uman4u.com\/en\/\"},{\"@type\":\"ListItem\",\"position\":2,\"name\":\"About\"}]},{\"@type\":\"WebSite\",\"@id\":\"https:\/\/www.uman4u.com\/#website\",\"url\":\"https:\/\/www.uman4u.com\/\",\"name\":\"Uman4U\",\"description\":\"\",\"potentialAction\":[{\"@type\":\"SearchAction\",\"target\":{\"@type\":\"EntryPoint\",\"urlTemplate\":\"https:\/\/www.uman4u.com\/?s={search_term_string}\"},\"query-input\":{\"@type\":\"PropertyValueSpecification\",\"valueRequired\":true,\"valueName\":\"search_term_string\"}}],\"inLanguage\":\"en-US\"}]}<\/script>\n<!-- \/ Yoast SEO plugin. -->","yoast_head_json":{"title":"Uman4U: your specialist in HR strategy and guidance | Belgium","description":"Uman4U cabinet specializes in HR consulting, coaching, career management and organizational strategy definition for companies and individuals.","robots":{"index":"index","follow":"follow","max-snippet":"max-snippet:-1","max-image-preview":"max-image-preview:large","max-video-preview":"max-video-preview:-1"},"canonical":"https:\/\/www.uman4u.com\/en\/about\/","og_locale":"en_US","og_type":"article","og_title":"Expert en strat\u00e9gie RH et accompagnement de carri\u00e8re | Belgique","og_description":"Uman4U est sp\u00e9cialis\u00e9 dans la consultance RH, le coaching, la gestion de carri\u00e8re et la d\u00e9finition de strat\u00e9gies d\u2019organisation.","og_url":"https:\/\/www.uman4u.com\/en\/about\/","og_site_name":"Uman4U","article_modified_time":"2020-08-20T07:18:11+00:00","twitter_card":"summary_large_image","twitter_misc":{"Est. reading time":"8 minutes"},"schema":{"@context":"https:\/\/schema.org","@graph":[{"@type":"WebPage","@id":"https:\/\/www.uman4u.com\/en\/about\/","url":"https:\/\/www.uman4u.com\/en\/about\/","name":"Uman4U: your specialist in HR strategy and guidance | Belgium","isPartOf":{"@id":"https:\/\/www.uman4u.com\/#website"},"datePublished":"2019-01-02T09:14:26+00:00","dateModified":"2020-08-20T07:18:11+00:00","description":"Uman4U cabinet specializes in HR consulting, coaching, career management and organizational strategy definition for companies and individuals.","breadcrumb":{"@id":"https:\/\/www.uman4u.com\/en\/about\/#breadcrumb"},"inLanguage":"en-US","potentialAction":[{"@type":"ReadAction","target":["https:\/\/www.uman4u.com\/en\/about\/"]}]},{"@type":"BreadcrumbList","@id":"https:\/\/www.uman4u.com\/en\/about\/#breadcrumb","itemListElement":[{"@type":"ListItem","position":1,"name":"Home","item":"https:\/\/www.uman4u.com\/en\/"},{"@type":"ListItem","position":2,"name":"About"}]},{"@type":"WebSite","@id":"https:\/\/www.uman4u.com\/#website","url":"https:\/\/www.uman4u.com\/","name":"Uman4U","description":"","potentialAction":[{"@type":"SearchAction","target":{"@type":"EntryPoint","urlTemplate":"https:\/\/www.uman4u.com\/?s={search_term_string}"},"query-input":{"@type":"PropertyValueSpecification","valueRequired":true,"valueName":"search_term_string"}}],"inLanguage":"en-US"}]}},"jetpack_sharing_enabled":true,"jetpack_shortlink":"https:\/\/wp.me\/PaUbH6-94","_links":{"self":[{"href":"https:\/\/www.uman4u.com\/en\/wp-json\/wp\/v2\/pages\/562","targetHints":{"allow":["GET"]}}],"collection":[{"href":"https:\/\/www.uman4u.com\/en\/wp-json\/wp\/v2\/pages"}],"about":[{"href":"https:\/\/www.uman4u.com\/en\/wp-json\/wp\/v2\/types\/page"}],"author":[{"embeddable":true,"href":"https:\/\/www.uman4u.com\/en\/wp-json\/wp\/v2\/users\/2"}],"replies":[{"embeddable":true,"href":"https:\/\/www.uman4u.com\/en\/wp-json\/wp\/v2\/comments?post=562"}],"version-history":[{"count":3,"href":"https:\/\/www.uman4u.com\/en\/wp-json\/wp\/v2\/pages\/562\/revisions"}],"predecessor-version":[{"id":1291,"href":"https:\/\/www.uman4u.com\/en\/wp-json\/wp\/v2\/pages\/562\/revisions\/1291"}],"wp:attachment":[{"href":"https:\/\/www.uman4u.com\/en\/wp-json\/wp\/v2\/media?parent=562"}],"curies":[{"name":"wp","href":"https:\/\/api.w.org\/{rel}","templated":true}]}}